{"id":1040,"date":"2025-12-22T09:06:16","date_gmt":"2025-12-22T09:06:16","guid":{"rendered":"https:\/\/tisztajovoert.hu\/?page_id=1040"},"modified":"2025-12-22T09:06:17","modified_gmt":"2025-12-22T09:06:17","slug":"anyagok","status":"publish","type":"page","link":"https:\/\/tisztajovoert.hu\/index.php\/anyagok\/","title":{"rendered":"Anyagok"},"content":{"rendered":"\n<h2 class=\"wp-block-heading\">&#8222;A kamaszkor kih\u00edv\u00e1sai&#8221; mini konferencia<\/h2>\n\n\n\n<p>Az al\u00e1bbiakban el\u00e9rhet\u0151k a konferenci\u00e1n elhangzottakhoz tartoz\u00f3 agyagok. Kattint\u00e1sal megnyithat\u00f3k, vagy let\u00f6lthet\u0151k.<\/p>\n\n\n\n<div data-wp-interactive=\"core\/file\" class=\"wp-block-file\"><object data-wp-bind--hidden=\"!state.hasPdfPreview\" hidden class=\"wp-block-file__embed\" data=\"https:\/\/tisztajovoert.hu\/wp-content\/uploads\/2025\/12\/Dr.-Vary-Annamaria-Kamaszkori-krizisek.pdf\" type=\"application\/pdf\" style=\"width:100%;height:600px\" aria-label=\"Dr. V\u00e1ry Annam\u00e1ria - Kamaszkori kr\u00edzisek be\u00e1gyaz\u00e1sa\"><\/object><a id=\"wp-block-file--media-6a14ce41-a3b7-4d55-9ccb-75c9c4ba9a99\" href=\"https:\/\/tisztajovoert.hu\/wp-content\/uploads\/2025\/12\/Dr.-Vary-Annamaria-Kamaszkori-krizisek.pdf\">Dr. V\u00e1ry Annam\u00e1ria &#8211; Kamaszkori kr\u00edzisek<\/a><a href=\"https:\/\/tisztajovoert.hu\/wp-content\/uploads\/2025\/12\/Dr.-Vary-Annamaria-Kamaszkori-krizisek.pdf\" class=\"wp-block-file__button wp-element-button\" download aria-describedby=\"wp-block-file--media-6a14ce41-a3b7-4d55-9ccb-75c9c4ba9a99\">Let\u00f6lt\u00e9s<\/a><\/div>\n\n\n\n<div data-wp-interactive=\"core\/file\" class=\"wp-block-file\"><object data-wp-bind--hidden=\"!state.hasPdfPreview\" hidden class=\"wp-block-file__embed\" data=\"https:\/\/tisztajovoert.hu\/wp-content\/uploads\/2025\/12\/kamaszok_Zuglo2025.pdf\" type=\"application\/pdf\" style=\"width:100%;height:600px\" aria-label=\"Dr. Szemely\u00e1cz J\u00e1nos-Mi\u00e9rt a kamaszkor a leg...? be\u00e1gyaz\u00e1sa\"><\/object><a id=\"wp-block-file--media-fc4f5a20-d0f9-4e04-9687-0f12c299613d\" href=\"https:\/\/tisztajovoert.hu\/wp-content\/uploads\/2025\/12\/kamaszok_Zuglo2025.pdf\">Dr. Szemely\u00e1cz J\u00e1nos-Mi\u00e9rt a kamaszkor a leg&#8230;?<\/a><a href=\"https:\/\/tisztajovoert.hu\/wp-content\/uploads\/2025\/12\/kamaszok_Zuglo2025.pdf\" class=\"wp-block-file__button wp-element-button\" download aria-describedby=\"wp-block-file--media-fc4f5a20-d0f9-4e04-9687-0f12c299613d\">Let\u00f6lt\u00e9s<\/a><\/div>\n\n\n\n<div data-wp-interactive=\"core\/file\" class=\"wp-block-file\"><object data-wp-bind--hidden=\"!state.hasPdfPreview\" hidden class=\"wp-block-file__embed\" data=\"https:\/\/tisztajovoert.hu\/wp-content\/uploads\/2025\/12\/Psziches-zavarok-es-kamaszkor.pdf\" type=\"application\/pdf\" style=\"width:100%;height:600px\" aria-label=\"Dr. V\u00e1radi Enik\u0151-Pszich\u00e9s zavarok \u00e9s kamaszkor be\u00e1gyaz\u00e1sa\"><\/object><a id=\"wp-block-file--media-4a5da366-2e73-4095-8eb4-ba79b18623c4\" href=\"https:\/\/tisztajovoert.hu\/wp-content\/uploads\/2025\/12\/Psziches-zavarok-es-kamaszkor.pdf\">Dr. V\u00e1radi Enik\u0151-Pszich\u00e9s zavarok \u00e9s kamaszkor<\/a><a href=\"https:\/\/tisztajovoert.hu\/wp-content\/uploads\/2025\/12\/Psziches-zavarok-es-kamaszkor.pdf\" class=\"wp-block-file__button wp-element-button\" download aria-describedby=\"wp-block-file--media-4a5da366-2e73-4095-8eb4-ba79b18623c4\">Let\u00f6lt\u00e9s<\/a><\/div>\n","protected":false},"excerpt":{"rendered":"<p>&#8222;A kamaszkor kih\u00edv\u00e1sai&#8221; mini konferencia Az al\u00e1bbiakban el\u00e9rhet\u0151k a konferenci\u00e1n elhangzottakhoz tartoz\u00f3 agyagok. Kattint\u00e1sal megnyithat\u00f3k, vagy let\u00f6lthet\u0151k.<\/p>\n","protected":false},"author":1,"featured_media":0,"parent":0,"menu_order":0,"comment_status":"closed","ping_status":"closed","template":"","meta":{"_mbp_gutenberg_autopost":false,"footnotes":""},"class_list":["post-1040","page","type-page","status-publish","hentry","entry"],"_links":{"self":[{"href":"https:\/\/tisztajovoert.hu\/index.php\/wp-json\/wp\/v2\/pages\/1040","targetHints":{"allow":["GET"]}}],"collection":[{"href":"https:\/\/tisztajovoert.hu\/index.php\/wp-json\/wp\/v2\/pages"}],"about":[{"href":"https:\/\/tisztajovoert.hu\/index.php\/wp-json\/wp\/v2\/types\/page"}],"author":[{"embeddable":true,"href":"https:\/\/tisztajovoert.hu\/index.php\/wp-json\/wp\/v2\/users\/1"}],"replies":[{"embeddable":true,"href":"https:\/\/tisztajovoert.hu\/index.php\/wp-json\/wp\/v2\/comments?post=1040"}],"version-history":[{"count":1,"href":"https:\/\/tisztajovoert.hu\/index.php\/wp-json\/wp\/v2\/pages\/1040\/revisions"}],"predecessor-version":[{"id":1041,"href":"https:\/\/tisztajovoert.hu\/index.php\/wp-json\/wp\/v2\/pages\/1040\/revisions\/1041"}],"wp:attachment":[{"href":"https:\/\/tisztajovoert.hu\/index.php\/wp-json\/wp\/v2\/media?parent=1040"}],"curies":[{"name":"wp","href":"https:\/\/api.w.org\/{rel}","templated":true}]}}