{"id":1080,"date":"2026-01-05T11:47:18","date_gmt":"2026-01-05T11:47:18","guid":{"rendered":"https:\/\/tisztajovoert.hu\/?page_id=1080"},"modified":"2026-04-22T11:03:55","modified_gmt":"2026-04-22T11:03:55","slug":"egyeb-szolgaltatasok","status":"publish","type":"page","link":"https:\/\/tisztajovoert.hu\/index.php\/egyeb-szolgaltatasok\/","title":{"rendered":"Egy\u00e9b szolg\u00e1ltat\u00e1sok"},"content":{"rendered":"\t\t<div data-elementor-type=\"wp-page\" data-elementor-id=\"1080\" class=\"elementor elementor-1080\">\n\t\t\t\t\t\t\t\t\t<section class=\"elementor-section elementor-top-section elementor-element elementor-element-36f4f2c1 elementor-section-boxed elementor-section-height-default elementor-section-height-default\" data-id=\"36f4f2c1\" data-element_type=\"section\">\n\t\t\t\t\t\t<div class=\"elementor-container elementor-column-gap-default\">\n\t\t\t\t\t<div class=\"elementor-column elementor-col-100 elementor-top-column elementor-element elementor-element-63f613ce\" data-id=\"63f613ce\" data-element_type=\"column\">\n\t\t\t<div class=\"elementor-widget-wrap elementor-element-populated\">\n\t\t\t\t\t\t\t\t<div class=\"elementor-element elementor-element-33129dd elementor-invisible elementor-widget elementor-widget-heading\" data-id=\"33129dd\" data-element_type=\"widget\" data-settings=\"{&quot;_animation&quot;:&quot;fadeInUp&quot;}\" data-widget_type=\"heading.default\">\n\t\t\t\t<div class=\"elementor-widget-container\">\n\t\t\t<h2 class=\"elementor-heading-title elementor-size-large\">Egy\u00e9b szolg\u00e1ltat\u00e1sok<\/h2>\t\t<\/div>\n\t\t\t\t<\/div>\n\t\t\t\t\t<\/div>\n\t\t<\/div>\n\t\t\t\t\t\t\t<\/div>\n\t\t<\/section>\n\t\t\t\t<section class=\"elementor-section elementor-top-section elementor-element elementor-element-efeef7a elementor-section-boxed elementor-section-height-default elementor-section-height-default\" data-id=\"efeef7a\" data-element_type=\"section\">\n\t\t\t\t\t\t<div class=\"elementor-container elementor-column-gap-default\">\n\t\t\t\t\t<div class=\"elementor-column elementor-col-100 elementor-top-column elementor-element elementor-element-d134ebb\" data-id=\"d134ebb\" data-element_type=\"column\">\n\t\t\t<div class=\"elementor-widget-wrap elementor-element-populated\">\n\t\t\t\t\t\t\t\t<div class=\"elementor-element elementor-element-b9042a5 elementor-widget elementor-widget-heading\" data-id=\"b9042a5\" data-element_type=\"widget\" data-widget_type=\"heading.default\">\n\t\t\t\t<div class=\"elementor-widget-container\">\n\t\t\t<h2 class=\"elementor-heading-title elementor-size-default\">Alacsonyk\u00fcsz\u00f6b\u00f6n k\u00edv\u00fcl es\u0151 konzult\u00e1ci\u00f3<\/h2>\t\t<\/div>\n\t\t\t\t<\/div>\n\t\t\t\t\t<\/div>\n\t\t<\/div>\n\t\t\t\t\t\t\t<\/div>\n\t\t<\/section>\n\t\t\t\t<section class=\"elementor-section elementor-top-section elementor-element elementor-element-db1ee21 elementor-section-boxed elementor-section-height-default elementor-section-height-default\" data-id=\"db1ee21\" data-element_type=\"section\">\n\t\t\t\t\t\t<div class=\"elementor-container elementor-column-gap-default\">\n\t\t\t\t\t<div class=\"elementor-column elementor-col-100 elementor-top-column elementor-element elementor-element-01e2c54\" data-id=\"01e2c54\" data-element_type=\"column\">\n\t\t\t<div class=\"elementor-widget-wrap elementor-element-populated\">\n\t\t\t\t\t\t\t\t<div class=\"elementor-element elementor-element-85dd6dd elementor-widget elementor-widget-heading\" data-id=\"85dd6dd\" data-element_type=\"widget\" data-widget_type=\"heading.default\">\n\t\t\t\t<div class=\"elementor-widget-container\">\n\t\t\t<h3 class=\"elementor-heading-title elementor-size-default\">Az alap\u00edtv\u00e1ny c\u00e9lja, hogy mindenki sz\u00e1m\u00e1ra el\u00e9rhet\u0151 legyen a seg\u00edts\u00e9g. Ez\u00e9rt biztos\u00edtjuk az alacsonyk\u00fcsz\u00f6b\u0171 szolg\u00e1ltat\u00e1s keret\u00e9ben az ingyenes, anonim tal\u00e1lkoz\u00e1sokat, amelyek a helyzet felt\u00e9rk\u00e9pez\u00e9s\u00e9t, a kr\u00edzisek kezel\u00e9s\u00e9t \u00e9s az els\u0151 l\u00e9p\u00e9sek megtal\u00e1l\u00e1s\u00e1t t\u00e1mogatj\u00e1k.\n\nVannak azonban olyan helyzetek, amikor a k\u00f6z\u00f6s munka tov\u00e1bbi, rendszeresebb \u00e9s m\u00e9lyebb k\u00eds\u00e9r\u00e9st ig\u00e9nyel. Ilyenkor m\u00e1r nemcsak az aktu\u00e1lis neh\u00e9zs\u00e9gre reag\u00e1lunk, hanem hosszabb t\u00e1von, szem\u00e9lyre szabott terv ment\u00e9n dolgozunk egy\u00fctt. Ezek a folyamatok m\u00e1r nem tartoznak az alacsonyk\u00fcsz\u00f6b\u0171 ell\u00e1t\u00e1s k\u00f6r\u00e9be, ez\u00e9rt k\u00fcl\u00f6n szab\u00e1lyoz\u00e1s szerint m\u0171k\u00f6dnek.\n\n<p data-start=\"701\" data-end=\"1063\">A konzult\u00e1ci\u00f3 keret\u00e9ben <strong data-start=\"746\" data-end=\"792\">hosszabb t\u00e1von k\u00eds\u00e9rj\u00fck v\u00e9gig a folyamatot<\/strong>. Lehet\u0151s\u00e9g ny\u00edlik arra, hogy visszat\u00e9rj\u00fcnk kor\u00e1bbi t\u00e9m\u00e1khoz, nyomon k\u00f6vess\u00fck a v\u00e1ltoz\u00e1sokat, \u00e9s l\u00e9p\u00e9sr\u0151l l\u00e9p\u00e9sre \u00e9p\u00edts\u00fck tov\u00e1bb azt, ami seg\u00edt. \u00cdgy t\u00f6bb id\u0151 jut az elakad\u00e1sra adott reakci\u00f3k megbesz\u00e9l\u00e9s\u00e9re, az \u00faj megold\u00e1sok kipr\u00f3b\u00e1l\u00e1s\u00e1ra \u00e9s a tapasztalatok \u00e1tbesz\u00e9l\u00e9s\u00e9re.<\/p>\n<p data-start=\"1065\" data-end=\"1428\">Mivel ez a fajta, tart\u00f3sabb k\u00eds\u00e9r\u00e9s nagyobb szakmai jelenl\u00e9tet \u00e9s hosszabb id\u0151keretet ig\u00e9nyel, a konzult\u00e1ci\u00f3k adom\u00e1ny<span data-start=\"1175\" data-end=\"1206\"> ellen\u00e9ben<\/span> vehet\u0151k ig\u00e9nybe. Ez el\u0151re egyeztetett, \u00e9s c\u00e9lja, hogy a szolg\u00e1ltat\u00e1s hossz\u00fa t\u00e1von is fenntarthat\u00f3 maradjon, mik\u00f6zben tov\u00e1bbra is biztons\u00e1gos, t\u00e1mogat\u00f3 k\u00f6zeget biztos\u00edt a hozz\u00e1nk fordul\u00f3k sz\u00e1m\u00e1ra.<span style=\"font-family: Roboto, sans-serif; font-size: 18px; font-weight: 600;\"><\/span><\/p><\/h3>\t\t<\/div>\n\t\t\t\t<\/div>\n\t\t\t\t\t<\/div>\n\t\t<\/div>\n\t\t\t\t\t\t\t<\/div>\n\t\t<\/section>\n\t\t\t\t<section class=\"elementor-section elementor-top-section elementor-element elementor-element-5686d97 elementor-section-boxed elementor-section-height-default elementor-section-height-default\" data-id=\"5686d97\" data-element_type=\"section\">\n\t\t\t\t\t\t<div class=\"elementor-container elementor-column-gap-default\">\n\t\t\t\t\t<div class=\"elementor-column elementor-col-100 elementor-top-column elementor-element elementor-element-7bc2710\" data-id=\"7bc2710\" data-element_type=\"column\">\n\t\t\t<div class=\"elementor-widget-wrap\">\n\t\t\t\t\t\t\t\t\t<\/div>\n\t\t<\/div>\n\t\t\t\t\t\t\t<\/div>\n\t\t<\/section>\n\t\t\t\t\t\t\t<\/div>\n\t\t","protected":false},"excerpt":{"rendered":"<p>Egy\u00e9b szolg\u00e1ltat\u00e1sok Alacsonyk\u00fcsz\u00f6b\u00f6n k\u00edv\u00fcl es\u0151 konzult\u00e1ci\u00f3 Az alap\u00edtv\u00e1ny c\u00e9lja, hogy mindenki sz\u00e1m\u00e1ra el\u00e9rhet\u0151 legyen a seg\u00edts\u00e9g. Ez\u00e9rt biztos\u00edtjuk az alacsonyk\u00fcsz\u00f6b\u0171 szolg\u00e1ltat\u00e1s keret\u00e9ben az ingyenes, anonim tal\u00e1lkoz\u00e1sokat, amelyek a helyzet felt\u00e9rk\u00e9pez\u00e9s\u00e9t, a kr\u00edzisek kezel\u00e9s\u00e9t \u00e9s az els\u0151 l\u00e9p\u00e9sek megtal\u00e1l\u00e1s\u00e1t t\u00e1mogatj\u00e1k. Vannak azonban olyan helyzetek, amikor a k\u00f6z\u00f6s munka tov\u00e1bbi, rendszeresebb \u00e9s m\u00e9lyebb k\u00eds\u00e9r\u00e9st ig\u00e9nyel. Ilyenkor m\u00e1r [&hellip;]<\/p>\n","protected":false},"author":1,"featured_media":0,"parent":0,"menu_order":0,"comment_status":"closed","ping_status":"closed","template":"","meta":{"_mbp_gutenberg_autopost":false,"footnotes":""},"class_list":["post-1080","page","type-page","status-publish","hentry","entry"],"_links":{"self":[{"href":"https:\/\/tisztajovoert.hu\/index.php\/wp-json\/wp\/v2\/pages\/1080","targetHints":{"allow":["GET"]}}],"collection":[{"href":"https:\/\/tisztajovoert.hu\/index.php\/wp-json\/wp\/v2\/pages"}],"about":[{"href":"https:\/\/tisztajovoert.hu\/index.php\/wp-json\/wp\/v2\/types\/page"}],"author":[{"embeddable":true,"href":"https:\/\/tisztajovoert.hu\/index.php\/wp-json\/wp\/v2\/users\/1"}],"replies":[{"embeddable":true,"href":"https:\/\/tisztajovoert.hu\/index.php\/wp-json\/wp\/v2\/comments?post=1080"}],"version-history":[{"count":14,"href":"https:\/\/tisztajovoert.hu\/index.php\/wp-json\/wp\/v2\/pages\/1080\/revisions"}],"predecessor-version":[{"id":1217,"href":"https:\/\/tisztajovoert.hu\/index.php\/wp-json\/wp\/v2\/pages\/1080\/revisions\/1217"}],"wp:attachment":[{"href":"https:\/\/tisztajovoert.hu\/index.php\/wp-json\/wp\/v2\/media?parent=1080"}],"curies":[{"name":"wp","href":"https:\/\/api.w.org\/{rel}","templated":true}]}}