{"id":1126,"date":"2026-02-10T15:11:38","date_gmt":"2026-02-10T15:11:38","guid":{"rendered":"https:\/\/tisztajovoert.hu\/?page_id=1126"},"modified":"2026-02-10T15:49:16","modified_gmt":"2026-02-10T15:49:16","slug":"elementor-1126","status":"publish","type":"page","link":"https:\/\/tisztajovoert.hu\/index.php\/elementor-1126\/","title":{"rendered":"Elementor #1126"},"content":{"rendered":"\t\t<div data-elementor-type=\"wp-page\" data-elementor-id=\"1126\" class=\"elementor elementor-1126\">\n\t\t\t\t\t\t\t\t\t<section class=\"elementor-section elementor-top-section elementor-element elementor-element-a9ad210 elementor-section-boxed elementor-section-height-default elementor-section-height-default\" data-id=\"a9ad210\" data-element_type=\"section\">\n\t\t\t\t\t\t<div class=\"elementor-container elementor-column-gap-default\">\n\t\t\t\t\t<div class=\"elementor-column elementor-col-100 elementor-top-column elementor-element elementor-element-217f4a5\" data-id=\"217f4a5\" data-element_type=\"column\">\n\t\t\t<div class=\"elementor-widget-wrap elementor-element-populated\">\n\t\t\t\t\t\t\t\t<div class=\"elementor-element elementor-element-4a6578d elementor-widget elementor-widget-text-editor\" data-id=\"4a6578d\" data-element_type=\"widget\" data-widget_type=\"text-editor.default\">\n\t\t\t\t<div class=\"elementor-widget-container\">\n\t\t\t\t\t\t\t<h1 style=\"text-align: center;\">\u201eL\u00e9p\u00e9sr\u0151l l\u00e9p\u00e9sre \u00f6nmagunk fel\u00e9 \u2013 Testi-lelki eg\u00e9szs\u00e9g \u00e9s<br \/>k\u00f6z\u00f6ss\u00e9gfejleszt\u00e9s fiataloknak\u201d<br \/>GYIA-K\u00d6ZA-25-0223<\/h1><h2 style=\"text-align: left;\">A Tiszta J\u00f6v\u0151\u00e9rt K\u00f6zhaszn\u00fa Alap\u00edtv\u00e1ny v\u00e1rja azon 15-<br \/>16 \u00e9v k\u00f6z\u00f6tti, els\u0151sorban zugl\u00f3i \u00e9s budapesti fiatalok<br \/>jelentkez\u00e9s\u00e9t, akik sz\u00edvesen r\u00e9szt vesznek egy kalandos<br \/>\u00f6nismereti programban!<\/h2><h3 style=\"text-align: left;\">A 10 h\u00f3napig tart\u00f3<span style=\"color: #993300;\"> \u00e9lm\u00e9nyalap\u00fa program<\/span> a fiatalok<br \/>testi-lelki j\u00f3ll\u00e9t\u00e9t, \u00f6nismereti fejl\u0151d\u00e9s\u00e9t \u00e9s<br \/>k\u00f6rnyezettudatos szeml\u00e9let\u00e9t er\u0151s\u00edti. A program alkalmank\u00e9nt 3 \u00f3r\u00e1t tart, k\u00e9t &#8211; h\u00e1rom<br \/>hetente. A programr\u00f3l az els\u0151 alkalommal fogunk r\u00e9szletes t\u00e1j\u00e9koztat\u00e1st adni.<br \/>A projekt k\u00f6zponti eleme egy mez\u00edtl\u00e1bas \u00f6sv\u00e9ny k\u00f6z\u00f6ss\u00e9gi megtervez\u00e9se \u00e9s<br \/>meg\u00e9p\u00edt\u00e9se, amely egyszerre szimboliz\u00e1lja a testi-lelki egyens\u00falyt, a<br \/>term\u00e9szetk\u00f6zels\u00e9get \u00e9s az egy\u00fcttm\u0171k\u00f6d\u00e9sen alapul\u00f3 alkot\u00f3 folyamatot.<\/h3><h3 style=\"text-align: left;\">A program els\u0151 id\u0151pontja alkalm\u00e1val egy k\u00f6z\u00f6s tal\u00e1lkoz\u00e1sra, sz\u00fcl\u0151i \u00e9rtekezlettel<br \/>egybek\u00f6t\u00f6tt t\u00e1j\u00e9koztat\u00f3ra szeretn\u00e9nk invit\u00e1lni a r\u00e9sztvev\u0151ket.<br \/><span style=\"text-decoration: underline;\">Id\u0151pont:<\/span> 2026.02.20-\u00e1n, 15.00-16.00 \u00f3ra k\u00f6z\u00f6tt<br \/><span style=\"text-decoration: underline;\">Helysz\u00edn:<\/span> 1143 Budapest, Fogarasi \u00fat 8. (Bej\u00e1rat a V\u00e1rna utca fel\u0151l)<\/h3><h3 style=\"text-align: left;\">A program szervez\u0151i \u00e9s vezet\u0151i tapasztalt szakemberek.<br \/>Csoportra el\u0151zetesen jelentkezni \u00e9s inform\u00e1ci\u00f3t k\u00e9rni az al\u00e1bbi el\u00e9rhet\u0151s\u00e9geken<br \/>lehets\u00e9ges:<br \/><span style=\"text-decoration: underline;\">e-mail:<\/span> tisztajovoert@gmail.com,<br \/><span style=\"text-decoration: underline;\">telefon:<\/span> 30\/701-1900<br \/>M\u00e1rton Andrea projektvezet\u0151n\u00e9l, \u00e9s Inkei Nelli szoci\u00e1lis munk\u00e1sn\u00e1l.<\/h3><h3 style=\"text-align: left;\">Jelentkez\u00e9si hat\u00e1rid\u0151: 2026. 02. 19.<br \/>A csoportban r\u00e9szvev\u0151k maxim\u00e1lis l\u00e9tsz\u00e1ma: 15 f\u0151.<br \/>R\u00e9szv\u00e9teli lehet\u0151s\u00e9g a jelentkez\u00e9s sorrendj\u00e9ben!<\/h3><h3 style=\"text-align: left;\">A programon val\u00f3 r\u00e9szv\u00e9tel ingyenes, mert a Kultur\u00e1lis \u00e9s Innov\u00e1ci\u00f3s<br \/>Miniszt\u00e9rium t\u00e1mogat\u00e1s\u00e1val val\u00f3sul meg, a GYIA-K\u00d6ZA-25-0223 p\u00e1ly\u00e1zati<br \/>projekt keret\u00e9ben.<\/h3><h3><span style=\"color: #993300;\">\u00a0A programra val\u00f3 jelentkez\u00e9shez sz\u00fcks\u00e9ges jelentkez\u00e9si lap az al\u00e1bbi linken \u00e9rhet\u0151 el:<\/span><\/h3>\t\t\t\t\t\t<\/div>\n\t\t\t\t<\/div>\n\t\t\t\t\t<\/div>\n\t\t<\/div>\n\t\t\t\t\t\t\t<\/div>\n\t\t<\/section>\n\t\t\t\t\t\t\t<\/div>\n\t\t","protected":false},"excerpt":{"rendered":"<p>\u201eL\u00e9p\u00e9sr\u0151l l\u00e9p\u00e9sre \u00f6nmagunk fel\u00e9 \u2013 Testi-lelki eg\u00e9szs\u00e9g \u00e9sk\u00f6z\u00f6ss\u00e9gfejleszt\u00e9s fiataloknak\u201dGYIA-K\u00d6ZA-25-0223 A Tiszta J\u00f6v\u0151\u00e9rt K\u00f6zhaszn\u00fa Alap\u00edtv\u00e1ny v\u00e1rja azon 15-16 \u00e9v k\u00f6z\u00f6tti, els\u0151sorban zugl\u00f3i \u00e9s budapesti fiatalokjelentkez\u00e9s\u00e9t, akik sz\u00edvesen r\u00e9szt vesznek egy kalandos\u00f6nismereti programban! A 10 h\u00f3napig tart\u00f3 \u00e9lm\u00e9nyalap\u00fa program a fiataloktesti-lelki j\u00f3ll\u00e9t\u00e9t, \u00f6nismereti fejl\u0151d\u00e9s\u00e9t \u00e9sk\u00f6rnyezettudatos szeml\u00e9let\u00e9t er\u0151s\u00edti. A program alkalmank\u00e9nt 3 \u00f3r\u00e1t tart, k\u00e9t &#8211; h\u00e1romhetente. A [&hellip;]<\/p>\n","protected":false},"author":1,"featured_media":0,"parent":0,"menu_order":0,"comment_status":"closed","ping_status":"closed","template":"","meta":{"_mbp_gutenberg_autopost":false,"footnotes":""},"class_list":["post-1126","page","type-page","status-publish","hentry","entry"],"_links":{"self":[{"href":"https:\/\/tisztajovoert.hu\/index.php\/wp-json\/wp\/v2\/pages\/1126","targetHints":{"allow":["GET"]}}],"collection":[{"href":"https:\/\/tisztajovoert.hu\/index.php\/wp-json\/wp\/v2\/pages"}],"about":[{"href":"https:\/\/tisztajovoert.hu\/index.php\/wp-json\/wp\/v2\/types\/page"}],"author":[{"embeddable":true,"href":"https:\/\/tisztajovoert.hu\/index.php\/wp-json\/wp\/v2\/users\/1"}],"replies":[{"embeddable":true,"href":"https:\/\/tisztajovoert.hu\/index.php\/wp-json\/wp\/v2\/comments?post=1126"}],"version-history":[{"count":17,"href":"https:\/\/tisztajovoert.hu\/index.php\/wp-json\/wp\/v2\/pages\/1126\/revisions"}],"predecessor-version":[{"id":1163,"href":"https:\/\/tisztajovoert.hu\/index.php\/wp-json\/wp\/v2\/pages\/1126\/revisions\/1163"}],"wp:attachment":[{"href":"https:\/\/tisztajovoert.hu\/index.php\/wp-json\/wp\/v2\/media?parent=1126"}],"curies":[{"name":"wp","href":"https:\/\/api.w.org\/{rel}","templated":true}]}}