{"id":15,"date":"2021-10-19T11:11:32","date_gmt":"2021-10-19T11:11:32","guid":{"rendered":"https:\/\/tisztajovoert.hu\/?page_id=15"},"modified":"2021-11-26T11:58:25","modified_gmt":"2021-11-26T11:58:25","slug":"tamogatnal","status":"publish","type":"page","link":"https:\/\/tisztajovoert.hu\/index.php\/tamogatnal\/","title":{"rendered":"T\u00c1MOGATN\u00c1L"},"content":{"rendered":"\t\t<div data-elementor-type=\"wp-page\" data-elementor-id=\"15\" class=\"elementor elementor-15\">\n\t\t\t\t\t\t\t\t\t<section class=\"elementor-section elementor-top-section elementor-element elementor-element-1a9f04e elementor-section-height-min-height elementor-section-boxed elementor-section-height-default elementor-section-items-middle\" data-id=\"1a9f04e\" data-element_type=\"section\" data-settings=\"{&quot;background_background&quot;:&quot;classic&quot;}\">\n\t\t\t\t\t\t\t<div class=\"elementor-background-overlay\"><\/div>\n\t\t\t\t\t\t\t<div class=\"elementor-container elementor-column-gap-default\">\n\t\t\t\t\t<div class=\"elementor-column elementor-col-50 elementor-top-column elementor-element elementor-element-f605832 elementor-hidden-tablet elementor-hidden-mobile\" data-id=\"f605832\" data-element_type=\"column\">\n\t\t\t<div class=\"elementor-widget-wrap\">\n\t\t\t\t\t\t\t\t\t<\/div>\n\t\t<\/div>\n\t\t\t\t<div class=\"elementor-column elementor-col-50 elementor-top-column elementor-element elementor-element-3fcb31d\" data-id=\"3fcb31d\" data-element_type=\"column\">\n\t\t\t<div class=\"elementor-widget-wrap elementor-element-populated\">\n\t\t\t\t\t\t\t\t<div class=\"elementor-element elementor-element-b5feb40 elementor-invisible elementor-widget elementor-widget-heading\" data-id=\"b5feb40\" data-element_type=\"widget\" data-settings=\"{&quot;_animation&quot;:&quot;fadeInLeft&quot;}\" data-widget_type=\"heading.default\">\n\t\t\t\t<div class=\"elementor-widget-container\">\n\t\t\t<h2 class=\"elementor-heading-title elementor-size-default\">T\u00e1mogatn\u00e1l?<\/h2>\t\t<\/div>\n\t\t\t\t<\/div>\n\t\t\t\t<section class=\"elementor-section elementor-inner-section elementor-element elementor-element-7594f09 elementor-section-boxed elementor-section-height-default elementor-section-height-default\" data-id=\"7594f09\" data-element_type=\"section\">\n\t\t\t\t\t\t<div class=\"elementor-container elementor-column-gap-default\">\n\t\t\t\t\t<div class=\"elementor-column elementor-col-50 elementor-inner-column elementor-element elementor-element-52a1cb1 elementor-hidden-tablet elementor-hidden-mobile\" data-id=\"52a1cb1\" data-element_type=\"column\">\n\t\t\t<div class=\"elementor-widget-wrap\">\n\t\t\t\t\t\t\t\t\t<\/div>\n\t\t<\/div>\n\t\t\t\t<div class=\"elementor-column elementor-col-50 elementor-inner-column elementor-element elementor-element-728c89d elementor-invisible\" data-id=\"728c89d\" data-element_type=\"column\" data-settings=\"{&quot;background_background&quot;:&quot;classic&quot;,&quot;animation&quot;:&quot;fadeIn&quot;}\">\n\t\t\t<div class=\"elementor-widget-wrap elementor-element-populated\">\n\t\t\t\t\t\t\t\t<div class=\"elementor-element elementor-element-b1b67be elementor-widget__width-auto elementor-widget elementor-widget-heading\" data-id=\"b1b67be\" data-element_type=\"widget\" data-widget_type=\"heading.default\">\n\t\t\t\t<div class=\"elementor-widget-container\">\n\t\t\t<h2 class=\"elementor-heading-title elementor-size-default\">K\u00f6vess Minket!<\/h2>\t\t<\/div>\n\t\t\t\t<\/div>\n\t\t\t\t<div class=\"elementor-element elementor-element-5461c79 elementor-widget elementor-widget-button\" data-id=\"5461c79\" data-element_type=\"widget\" data-widget_type=\"button.default\">\n\t\t\t\t<div class=\"elementor-widget-container\">\n\t\t\t\t\t<div class=\"elementor-button-wrapper\">\n\t\t\t<a class=\"elementor-button elementor-button-link elementor-size-sm\" href=\"http:\/\/facebook.com\/tisztajovoert\" target=\"_blank\">\n\t\t\t\t\t\t<span class=\"elementor-button-content-wrapper\">\n\t\t\t\t\t\t<span class=\"elementor-button-icon elementor-align-icon-left\">\n\t\t\t\t<i aria-hidden=\"true\" class=\"fab fa-facebook-square\"><\/i>\t\t\t<\/span>\n\t\t\t\t\t\t<span class=\"elementor-button-text\">Facebook<\/span>\n\t\t<\/span>\n\t\t\t\t\t<\/a>\n\t\t<\/div>\n\t\t\t\t<\/div>\n\t\t\t\t<\/div>\n\t\t\t\t<div class=\"elementor-element elementor-element-7c2cb8a elementor-icon-list--layout-traditional elementor-list-item-link-full_width elementor-widget elementor-widget-icon-list\" data-id=\"7c2cb8a\" data-element_type=\"widget\" data-widget_type=\"icon-list.default\">\n\t\t\t\t<div class=\"elementor-widget-container\">\n\t\t\t\t\t<ul class=\"elementor-icon-list-items\">\n\t\t\t\t\t\t\t<li class=\"elementor-icon-list-item\">\n\t\t\t\t\t\t\t\t\t\t<span class=\"elementor-icon-list-text\">Banksz\u00e1mlasz\u00e1m<strong>: 10102086-42559600-00000007<\/strong><\/span>\n\t\t\t\t\t\t\t\t\t<\/li>\n\t\t\t\t\t\t\t\t<li class=\"elementor-icon-list-item\">\n\t\t\t\t\t\t\t\t\t\t<span class=\"elementor-icon-list-text\">Ad\u00f3sz\u00e1m: <strong>18096514-1-42<\/strong><\/span>\n\t\t\t\t\t\t\t\t\t<\/li>\n\t\t\t\t\t\t<\/ul>\n\t\t\t\t<\/div>\n\t\t\t\t<\/div>\n\t\t\t\t\t<\/div>\n\t\t<\/div>\n\t\t\t\t\t\t\t<\/div>\n\t\t<\/section>\n\t\t\t\t\t<\/div>\n\t\t<\/div>\n\t\t\t\t\t\t\t<\/div>\n\t\t<\/section>\n\t\t\t\t<section class=\"elementor-section elementor-top-section elementor-element elementor-element-90e9391 elementor-section-boxed elementor-section-height-default elementor-section-height-default\" data-id=\"90e9391\" data-element_type=\"section\" data-settings=\"{&quot;background_background&quot;:&quot;classic&quot;,&quot;shape_divider_bottom&quot;:&quot;tilt&quot;}\">\n\t\t\t\t\t<div class=\"elementor-shape elementor-shape-bottom\" data-negative=\"false\">\n\t\t\t<svg xmlns=\"http:\/\/www.w3.org\/2000\/svg\" viewBox=\"0 0 1000 100\" preserveAspectRatio=\"none\">\n\t<path class=\"elementor-shape-fill\" d=\"M0,6V0h1000v100L0,6z\"\/>\n<\/svg>\t\t<\/div>\n\t\t\t\t\t<div class=\"elementor-container elementor-column-gap-default\">\n\t\t\t\t\t<div class=\"elementor-column elementor-col-100 elementor-top-column elementor-element elementor-element-8ff7925\" data-id=\"8ff7925\" data-element_type=\"column\">\n\t\t\t<div class=\"elementor-widget-wrap elementor-element-populated\">\n\t\t\t\t\t\t\t\t<div class=\"elementor-element elementor-element-8d6429a elementor-widget elementor-widget-image\" data-id=\"8d6429a\" data-element_type=\"widget\" data-widget_type=\"image.default\">\n\t\t\t\t<div class=\"elementor-widget-container\">\n\t\t\t\t\t\t\t\t\t\t\t\t\t\t\t<img fetchpriority=\"high\" decoding=\"async\" width=\"1024\" height=\"1024\" src=\"https:\/\/tisztajovoert.hu\/wp-content\/uploads\/2021\/10\/1_1634115182-1024x1024.jpg\" class=\"attachment-large size-large wp-image-255\" alt=\"\" srcset=\"https:\/\/tisztajovoert.hu\/wp-content\/uploads\/2021\/10\/1_1634115182-1024x1024.jpg 1024w, https:\/\/tisztajovoert.hu\/wp-content\/uploads\/2021\/10\/1_1634115182-300x300.jpg 300w, https:\/\/tisztajovoert.hu\/wp-content\/uploads\/2021\/10\/1_1634115182-150x150.jpg 150w, https:\/\/tisztajovoert.hu\/wp-content\/uploads\/2021\/10\/1_1634115182-768x768.jpg 768w, https:\/\/tisztajovoert.hu\/wp-content\/uploads\/2021\/10\/1_1634115182-1536x1536.jpg 1536w, https:\/\/tisztajovoert.hu\/wp-content\/uploads\/2021\/10\/1_1634115182.jpg 2048w\" sizes=\"(max-width: 1024px) 100vw, 1024px\" \/>\t\t\t\t\t\t\t\t\t\t\t\t\t\t\t<\/div>\n\t\t\t\t<\/div>\n\t\t\t\t\t<\/div>\n\t\t<\/div>\n\t\t\t\t\t\t\t<\/div>\n\t\t<\/section>\n\t\t\t\t<section class=\"elementor-section elementor-top-section elementor-element elementor-element-721528a elementor-section-boxed elementor-section-height-default elementor-section-height-default\" data-id=\"721528a\" data-element_type=\"section\">\n\t\t\t\t\t\t<div class=\"elementor-container elementor-column-gap-default\">\n\t\t\t\t\t<div class=\"elementor-column elementor-col-50 elementor-top-column elementor-element elementor-element-e928d48 elementor-invisible\" data-id=\"e928d48\" data-element_type=\"column\" data-settings=\"{&quot;background_background&quot;:&quot;classic&quot;,&quot;animation&quot;:&quot;fadeInLeft&quot;}\">\n\t\t\t<div class=\"elementor-widget-wrap elementor-element-populated\">\n\t\t\t\t\t\t\t\t<section class=\"elementor-section elementor-inner-section elementor-element elementor-element-cbd7266 elementor-section-boxed elementor-section-height-default elementor-section-height-default\" data-id=\"cbd7266\" data-element_type=\"section\">\n\t\t\t\t\t\t<div class=\"elementor-container elementor-column-gap-default\">\n\t\t\t\t\t<div class=\"elementor-column elementor-col-50 elementor-inner-column elementor-element elementor-element-33ad911\" data-id=\"33ad911\" data-element_type=\"column\">\n\t\t\t<div class=\"elementor-widget-wrap elementor-element-populated\">\n\t\t\t\t\t\t\t\t<div class=\"elementor-element elementor-element-997b3f3 elementor-widget-divider--view-line elementor-widget elementor-widget-divider\" data-id=\"997b3f3\" data-element_type=\"widget\" data-widget_type=\"divider.default\">\n\t\t\t\t<div class=\"elementor-widget-container\">\n\t\t\t\t\t<div class=\"elementor-divider\">\n\t\t\t<span class=\"elementor-divider-separator\">\n\t\t\t\t\t\t<\/span>\n\t\t<\/div>\n\t\t\t\t<\/div>\n\t\t\t\t<\/div>\n\t\t\t\t\t<\/div>\n\t\t<\/div>\n\t\t\t\t<div class=\"elementor-column elementor-col-50 elementor-inner-column elementor-element elementor-element-d32426d\" data-id=\"d32426d\" data-element_type=\"column\">\n\t\t\t<div class=\"elementor-widget-wrap elementor-element-populated\">\n\t\t\t\t\t\t\t\t<div class=\"elementor-element elementor-element-ae1c671 elementor-widget elementor-widget-text-editor\" data-id=\"ae1c671\" data-element_type=\"widget\" data-widget_type=\"text-editor.default\">\n\t\t\t\t<div class=\"elementor-widget-container\">\n\t\t\t\t\t\t\tP\u00e9nzadom\u00e1ny\t\t\t\t\t\t<\/div>\n\t\t\t\t<\/div>\n\t\t\t\t\t<\/div>\n\t\t<\/div>\n\t\t\t\t\t\t\t<\/div>\n\t\t<\/section>\n\t\t\t\t<div class=\"elementor-element elementor-element-ef19848 elementor-widget elementor-widget-text-editor\" data-id=\"ef19848\" data-element_type=\"widget\" data-widget_type=\"text-editor.default\">\n\t\t\t\t<div class=\"elementor-widget-container\">\n\t\t\t\t\t\t\t<p>M\u00e1r egy kis t\u00e1mogat\u00e1s is nagy seg\u00edts\u00e9g lehet! Programjaink k\u00f6lts\u00e9geit pr\u00f3b\u00e1ljuk folyamatosan min\u00e9l alacsonyabban tartani. Ezt nagyon sok lelkes, elk\u00f6telezett szakember \u00e9s \u00f6nk\u00e9ntes seg\u00edts\u00e9g\u00e9vel tudjuk megval\u00f3s\u00edtani, akik vel\u00fcnk egy\u00fctt hisznek c\u00e9ljaink megval\u00f3s\u00edthat\u00f3s\u00e1g\u00e1ban. M\u00e1r a legkisebb t\u00e1mogat\u00e1sok is nagy seg\u00edts\u00e9get jelenthetnek. Ig\u00e9ny eset\u00e9n, \u00d6nnel egy\u00fctt hat\u00e1rozzuk meg a t\u00e1mogat\u00e1sa felhaszn\u00e1l\u00e1s\u00e1t, \u00e9s lehet\u0151s\u00e9get biztos\u00edtunk a t\u00e1mogatott program k\u00f6vet\u00e9s\u00e9re.<\/p>\t\t\t\t\t\t<\/div>\n\t\t\t\t<\/div>\n\t\t\t\t<div class=\"elementor-element elementor-element-d9c331a elementor-widget elementor-widget-heading\" data-id=\"d9c331a\" data-element_type=\"widget\" data-widget_type=\"heading.default\">\n\t\t\t\t<div class=\"elementor-widget-container\">\n\t\t\t<h2 class=\"elementor-heading-title elementor-size-default\">Banksz\u00e1mlasz\u00e1munk: 10102086-42559600-00000007<\/h2>\t\t<\/div>\n\t\t\t\t<\/div>\n\t\t\t\t\t<\/div>\n\t\t<\/div>\n\t\t\t\t<div class=\"elementor-column elementor-col-50 elementor-top-column elementor-element elementor-element-9b93c69 elementor-invisible\" data-id=\"9b93c69\" data-element_type=\"column\" data-settings=\"{&quot;background_background&quot;:&quot;classic&quot;,&quot;animation&quot;:&quot;fadeInRight&quot;}\">\n\t\t\t<div class=\"elementor-widget-wrap elementor-element-populated\">\n\t\t\t\t\t\t\t\t<section class=\"elementor-section elementor-inner-section elementor-element elementor-element-76b81c9 elementor-section-boxed elementor-section-height-default elementor-section-height-default\" data-id=\"76b81c9\" data-element_type=\"section\">\n\t\t\t\t\t\t<div class=\"elementor-container elementor-column-gap-default\">\n\t\t\t\t\t<div class=\"elementor-column elementor-col-50 elementor-inner-column elementor-element elementor-element-2eac154\" data-id=\"2eac154\" data-element_type=\"column\">\n\t\t\t<div class=\"elementor-widget-wrap elementor-element-populated\">\n\t\t\t\t\t\t\t\t<div class=\"elementor-element elementor-element-fcdc478 elementor-widget elementor-widget-text-editor\" data-id=\"fcdc478\" data-element_type=\"widget\" data-widget_type=\"text-editor.default\">\n\t\t\t\t<div class=\"elementor-widget-container\">\n\t\t\t\t\t\t\t<p><strong>T\u00e1rgyi adom\u00e1nyoz\u00e1s<\/strong><\/p>\t\t\t\t\t\t<\/div>\n\t\t\t\t<\/div>\n\t\t\t\t\t<\/div>\n\t\t<\/div>\n\t\t\t\t<div class=\"elementor-column elementor-col-50 elementor-inner-column elementor-element elementor-element-24fc600\" data-id=\"24fc600\" data-element_type=\"column\">\n\t\t\t<div class=\"elementor-widget-wrap elementor-element-populated\">\n\t\t\t\t\t\t\t\t<div class=\"elementor-element elementor-element-1cb93fd elementor-widget-divider--view-line elementor-widget elementor-widget-divider\" data-id=\"1cb93fd\" data-element_type=\"widget\" data-widget_type=\"divider.default\">\n\t\t\t\t<div class=\"elementor-widget-container\">\n\t\t\t\t\t<div class=\"elementor-divider\">\n\t\t\t<span class=\"elementor-divider-separator\">\n\t\t\t\t\t\t<\/span>\n\t\t<\/div>\n\t\t\t\t<\/div>\n\t\t\t\t<\/div>\n\t\t\t\t\t<\/div>\n\t\t<\/div>\n\t\t\t\t\t\t\t<\/div>\n\t\t<\/section>\n\t\t\t\t<div class=\"elementor-element elementor-element-24f73a6 elementor-widget elementor-widget-text-editor\" data-id=\"24f73a6\" data-element_type=\"widget\" data-widget_type=\"text-editor.default\">\n\t\t\t\t<div class=\"elementor-widget-container\">\n\t\t\t\t\t\t\t<p>Ahhoz, hogy egyre t\u00f6bben vehessenek r\u00e9szt a programjainkban, k\u00e9szp\u00e9nz felaj\u00e1nl\u00e1sok mellett t\u00e1rgyi eszk\u00f6z\u00f6kkel, szolg\u00e1ltat\u00e1sokkal is seg\u00edtheti a c\u00e9ljaink megval\u00f3sul\u00e1s\u00e1t. Ha nem biztos benne, hogy a felaj\u00e1nlani k\u00edv\u00e1nt t\u00e1rgyi adom\u00e1ny vagy szolg\u00e1ltat\u00e1s seg\u00edts\u00e9g\u00fcnkre lehet, akkor keressen minket e-mail-ben!<\/p>\t\t\t\t\t\t<\/div>\n\t\t\t\t<\/div>\n\t\t\t\t\t<\/div>\n\t\t<\/div>\n\t\t\t\t\t\t\t<\/div>\n\t\t<\/section>\n\t\t\t\t<section class=\"elementor-section elementor-top-section elementor-element elementor-element-f4b8787 elementor-section-boxed elementor-section-height-default elementor-section-height-default\" data-id=\"f4b8787\" data-element_type=\"section\">\n\t\t\t\t\t\t<div class=\"elementor-container elementor-column-gap-default\">\n\t\t\t\t\t<div class=\"elementor-column elementor-col-50 elementor-top-column elementor-element elementor-element-e85f5d1 elementor-invisible\" data-id=\"e85f5d1\" data-element_type=\"column\" data-settings=\"{&quot;background_background&quot;:&quot;classic&quot;,&quot;animation&quot;:&quot;fadeInLeft&quot;}\">\n\t\t\t<div class=\"elementor-widget-wrap elementor-element-populated\">\n\t\t\t\t\t\t\t\t<section class=\"elementor-section elementor-inner-section elementor-element elementor-element-512a1d5 elementor-section-boxed elementor-section-height-default elementor-section-height-default\" data-id=\"512a1d5\" data-element_type=\"section\">\n\t\t\t\t\t\t<div class=\"elementor-container elementor-column-gap-default\">\n\t\t\t\t\t<div class=\"elementor-column elementor-col-50 elementor-inner-column elementor-element elementor-element-8197bd8\" data-id=\"8197bd8\" data-element_type=\"column\">\n\t\t\t<div class=\"elementor-widget-wrap elementor-element-populated\">\n\t\t\t\t\t\t\t\t<div class=\"elementor-element elementor-element-b00c152 elementor-widget-divider--view-line elementor-widget elementor-widget-divider\" data-id=\"b00c152\" data-element_type=\"widget\" data-widget_type=\"divider.default\">\n\t\t\t\t<div class=\"elementor-widget-container\">\n\t\t\t\t\t<div class=\"elementor-divider\">\n\t\t\t<span class=\"elementor-divider-separator\">\n\t\t\t\t\t\t<\/span>\n\t\t<\/div>\n\t\t\t\t<\/div>\n\t\t\t\t<\/div>\n\t\t\t\t\t<\/div>\n\t\t<\/div>\n\t\t\t\t<div class=\"elementor-column elementor-col-50 elementor-inner-column elementor-element elementor-element-7f33fe6\" data-id=\"7f33fe6\" data-element_type=\"column\">\n\t\t\t<div class=\"elementor-widget-wrap elementor-element-populated\">\n\t\t\t\t\t\t\t\t<div class=\"elementor-element elementor-element-159b88e elementor-widget elementor-widget-text-editor\" data-id=\"159b88e\" data-element_type=\"widget\" data-widget_type=\"text-editor.default\">\n\t\t\t\t<div class=\"elementor-widget-container\">\n\t\t\t\t\t\t\t<p><strong>Szponzor\u00e1ci\u00f3<\/strong><\/p>\t\t\t\t\t\t<\/div>\n\t\t\t\t<\/div>\n\t\t\t\t\t<\/div>\n\t\t<\/div>\n\t\t\t\t\t\t\t<\/div>\n\t\t<\/section>\n\t\t\t\t<div class=\"elementor-element elementor-element-c1aeea0 elementor-widget elementor-widget-text-editor\" data-id=\"c1aeea0\" data-element_type=\"widget\" data-widget_type=\"text-editor.default\">\n\t\t\t\t<div class=\"elementor-widget-container\">\n\t\t\t\t\t\t\t<p>Szponzor\u00e1ci\u00f3 sor\u00e1n egy teljes programunk megval\u00f3sul\u00e1s\u00e1t t\u00e1mogathatja. T\u00f6bbek k\u00f6z\u00f6tt iskolai, gyerekv\u00e9delmi programok, h\u00e1tr\u00e1nyos helyzet\u0171 gyerekek egy\u00e9ni vagy csoportos fejleszt\u00e9se t\u00e1mogathat\u00f3. A szponzor\u00e1ci\u00f3 sor\u00e1n, ig\u00e9ny szerint, a t\u00e1mogat\u00f3 kiv\u00e1laszthatja a szakmai programot \u00e9s\/vagy az int\u00e9zm\u00e9nyt, amit szponzor\u00e1lni szeretne. A szakmai kereteken bel\u00fcl, a program megtervez\u00e9sekor alkalmazkodni tudunk a t\u00e1mogat\u00f3i ig\u00e9nyekhez.<\/p>\t\t\t\t\t\t<\/div>\n\t\t\t\t<\/div>\n\t\t\t\t\t<\/div>\n\t\t<\/div>\n\t\t\t\t<div class=\"elementor-column elementor-col-50 elementor-top-column elementor-element elementor-element-0fba852 elementor-invisible\" data-id=\"0fba852\" data-element_type=\"column\" data-settings=\"{&quot;background_background&quot;:&quot;classic&quot;,&quot;animation&quot;:&quot;fadeInRight&quot;}\">\n\t\t\t<div class=\"elementor-widget-wrap elementor-element-populated\">\n\t\t\t\t\t\t\t\t<section class=\"elementor-section elementor-inner-section elementor-element elementor-element-b4e8410 elementor-section-boxed elementor-section-height-default elementor-section-height-default\" data-id=\"b4e8410\" data-element_type=\"section\">\n\t\t\t\t\t\t<div class=\"elementor-container elementor-column-gap-default\">\n\t\t\t\t\t<div class=\"elementor-column elementor-col-50 elementor-inner-column elementor-element elementor-element-1e8ff75\" data-id=\"1e8ff75\" data-element_type=\"column\">\n\t\t\t<div class=\"elementor-widget-wrap elementor-element-populated\">\n\t\t\t\t\t\t\t\t<div class=\"elementor-element elementor-element-ddd1dc3 elementor-widget elementor-widget-text-editor\" data-id=\"ddd1dc3\" data-element_type=\"widget\" data-widget_type=\"text-editor.default\">\n\t\t\t\t<div class=\"elementor-widget-container\">\n\t\t\t\t\t\t\t<p><strong>1 % felaj\u00e1nl\u00e1s<\/strong><\/p>\t\t\t\t\t\t<\/div>\n\t\t\t\t<\/div>\n\t\t\t\t\t<\/div>\n\t\t<\/div>\n\t\t\t\t<div class=\"elementor-column elementor-col-50 elementor-inner-column elementor-element elementor-element-da230c7\" data-id=\"da230c7\" data-element_type=\"column\">\n\t\t\t<div class=\"elementor-widget-wrap elementor-element-populated\">\n\t\t\t\t\t\t\t\t<div class=\"elementor-element elementor-element-b24917d elementor-widget-divider--view-line elementor-widget elementor-widget-divider\" data-id=\"b24917d\" data-element_type=\"widget\" data-widget_type=\"divider.default\">\n\t\t\t\t<div class=\"elementor-widget-container\">\n\t\t\t\t\t<div class=\"elementor-divider\">\n\t\t\t<span class=\"elementor-divider-separator\">\n\t\t\t\t\t\t<\/span>\n\t\t<\/div>\n\t\t\t\t<\/div>\n\t\t\t\t<\/div>\n\t\t\t\t\t<\/div>\n\t\t<\/div>\n\t\t\t\t\t\t\t<\/div>\n\t\t<\/section>\n\t\t\t\t<div class=\"elementor-element elementor-element-0168206 elementor-widget elementor-widget-text-editor\" data-id=\"0168206\" data-element_type=\"widget\" data-widget_type=\"text-editor.default\">\n\t\t\t\t<div class=\"elementor-widget-container\">\n\t\t\t\t\t\t\t<p>Szem\u00e9lyi j\u00f6vedelem 1 % felaj\u00e1nl\u00e1s\u00e1val is t\u00e1mogathatja munk\u00e1nkat. Itt szeretn\u00e9nk megk\u00f6sz\u00f6nni felaj\u00e1nl\u00e1sukat azoknak, akik az elm\u00falt \u00e9vekben ilyen m\u00f3don seg\u00edtett\u00e9k munk\u00e1nkat.<\/p>\t\t\t\t\t\t<\/div>\n\t\t\t\t<\/div>\n\t\t\t\t\t<\/div>\n\t\t<\/div>\n\t\t\t\t\t\t\t<\/div>\n\t\t<\/section>\n\t\t\t\t<section class=\"elementor-section elementor-top-section elementor-element elementor-element-5295044 elementor-section-boxed elementor-section-height-default elementor-section-height-default\" data-id=\"5295044\" data-element_type=\"section\">\n\t\t\t\t\t\t<div class=\"elementor-container elementor-column-gap-default\">\n\t\t\t\t\t<div class=\"elementor-column elementor-col-33 elementor-top-column elementor-element elementor-element-8f57c51 elementor-hidden-tablet elementor-hidden-mobile elementor-invisible\" data-id=\"8f57c51\" data-element_type=\"column\" data-settings=\"{&quot;animation&quot;:&quot;fadeInLeft&quot;}\">\n\t\t\t<div class=\"elementor-widget-wrap\">\n\t\t\t\t\t\t\t\t\t<\/div>\n\t\t<\/div>\n\t\t\t\t<div class=\"elementor-column elementor-col-33 elementor-top-column elementor-element elementor-element-c6cdde2 elementor-invisible\" data-id=\"c6cdde2\" data-element_type=\"column\" data-settings=\"{&quot;background_background&quot;:&quot;classic&quot;,&quot;animation&quot;:&quot;fadeInRight&quot;}\">\n\t\t\t<div class=\"elementor-widget-wrap elementor-element-populated\">\n\t\t\t\t\t\t\t\t<section class=\"elementor-section elementor-inner-section elementor-element elementor-element-47e82af elementor-section-boxed elementor-section-height-default elementor-section-height-default\" data-id=\"47e82af\" data-element_type=\"section\">\n\t\t\t\t\t\t<div class=\"elementor-container elementor-column-gap-default\">\n\t\t\t\t\t<div class=\"elementor-column elementor-col-50 elementor-inner-column elementor-element elementor-element-1be0eba\" data-id=\"1be0eba\" data-element_type=\"column\">\n\t\t\t<div class=\"elementor-widget-wrap elementor-element-populated\">\n\t\t\t\t\t\t\t\t<div class=\"elementor-element elementor-element-17d1162 elementor-widget-divider--view-line elementor-widget elementor-widget-divider\" data-id=\"17d1162\" data-element_type=\"widget\" data-widget_type=\"divider.default\">\n\t\t\t\t<div class=\"elementor-widget-container\">\n\t\t\t\t\t<div class=\"elementor-divider\">\n\t\t\t<span class=\"elementor-divider-separator\">\n\t\t\t\t\t\t<\/span>\n\t\t<\/div>\n\t\t\t\t<\/div>\n\t\t\t\t<\/div>\n\t\t\t\t\t<\/div>\n\t\t<\/div>\n\t\t\t\t<div class=\"elementor-column elementor-col-50 elementor-inner-column elementor-element elementor-element-7cd2864\" data-id=\"7cd2864\" data-element_type=\"column\">\n\t\t\t<div class=\"elementor-widget-wrap elementor-element-populated\">\n\t\t\t\t\t\t\t\t<div class=\"elementor-element elementor-element-b2d953a elementor-widget elementor-widget-text-editor\" data-id=\"b2d953a\" data-element_type=\"widget\" data-widget_type=\"text-editor.default\">\n\t\t\t\t<div class=\"elementor-widget-container\">\n\t\t\t\t\t\t\t<p><strong>\u00d6nk\u00e9ntes munka<\/strong><\/p>\t\t\t\t\t\t<\/div>\n\t\t\t\t<\/div>\n\t\t\t\t\t<\/div>\n\t\t<\/div>\n\t\t\t\t\t\t\t<\/div>\n\t\t<\/section>\n\t\t\t\t<div class=\"elementor-element elementor-element-aa3fdbc elementor-widget elementor-widget-text-editor\" data-id=\"aa3fdbc\" data-element_type=\"widget\" data-widget_type=\"text-editor.default\">\n\t\t\t\t<div class=\"elementor-widget-container\">\n\t\t\t\t\t\t\t<p>Az alap\u00edtv\u00e1nyunkn\u00e1l az \u00f6nk\u00e9ntes munk\u00e1ra mindig is egy k\u00e9tir\u00e1ny\u00fa seg\u00edt\u00e9sk\u00e9nt tekintett\u00fcnk. Szakmai tapasztalatot, k\u00f6z\u00f6ss\u00e9gi programokat, kapcsolati h\u00e1l\u00f3t aj\u00e1nlunk a munk\u00e1d\u00e9rt cser\u00e9be. Ak\u00e1r a seg\u00edt\u0151 hivat\u00e1sban, ak\u00e1r a menedzsment, p\u00e1ly\u00e1zatkezel\u00e9s ter\u00fclet\u00e9n szeretn\u00e9l tapasztalatot szerezni vagy a tapasztalatoddal seg\u00edteni, jelentkezz, v\u00e1runk!<\/p>\t\t\t\t\t\t<\/div>\n\t\t\t\t<\/div>\n\t\t\t\t\t<\/div>\n\t\t<\/div>\n\t\t\t\t<div class=\"elementor-column elementor-col-33 elementor-top-column elementor-element elementor-element-2534fe7 elementor-hidden-tablet elementor-hidden-mobile elementor-invisible\" data-id=\"2534fe7\" data-element_type=\"column\" data-settings=\"{&quot;animation&quot;:&quot;fadeInLeft&quot;}\">\n\t\t\t<div class=\"elementor-widget-wrap\">\n\t\t\t\t\t\t\t\t\t<\/div>\n\t\t<\/div>\n\t\t\t\t\t\t\t<\/div>\n\t\t<\/section>\n\t\t\t\t\t\t\t<\/div>\n\t\t","protected":false},"excerpt":{"rendered":"<p>T\u00e1mogatn\u00e1l? K\u00f6vess Minket! Facebook Banksz\u00e1mlasz\u00e1m: 10102086-42559600-00000007 Ad\u00f3sz\u00e1m: 18096514-1-42 P\u00e9nzadom\u00e1ny M\u00e1r egy kis t\u00e1mogat\u00e1s is nagy seg\u00edts\u00e9g lehet! Programjaink k\u00f6lts\u00e9geit pr\u00f3b\u00e1ljuk folyamatosan min\u00e9l alacsonyabban tartani. Ezt nagyon sok lelkes, elk\u00f6telezett szakember \u00e9s \u00f6nk\u00e9ntes seg\u00edts\u00e9g\u00e9vel tudjuk megval\u00f3s\u00edtani, akik vel\u00fcnk egy\u00fctt hisznek c\u00e9ljaink megval\u00f3s\u00edthat\u00f3s\u00e1g\u00e1ban. M\u00e1r a legkisebb t\u00e1mogat\u00e1sok is nagy seg\u00edts\u00e9get jelenthetnek. Ig\u00e9ny eset\u00e9n, \u00d6nnel egy\u00fctt hat\u00e1rozzuk meg [&hellip;]<\/p>\n","protected":false},"author":1,"featured_media":0,"parent":0,"menu_order":0,"comment_status":"closed","ping_status":"closed","template":"elementor_header_footer","meta":{"_mbp_gutenberg_autopost":false,"footnotes":""},"class_list":["post-15","page","type-page","status-publish","hentry","entry"],"_links":{"self":[{"href":"https:\/\/tisztajovoert.hu\/index.php\/wp-json\/wp\/v2\/pages\/15","targetHints":{"allow":["GET"]}}],"collection":[{"href":"https:\/\/tisztajovoert.hu\/index.php\/wp-json\/wp\/v2\/pages"}],"about":[{"href":"https:\/\/tisztajovoert.hu\/index.php\/wp-json\/wp\/v2\/types\/page"}],"author":[{"embeddable":true,"href":"https:\/\/tisztajovoert.hu\/index.php\/wp-json\/wp\/v2\/users\/1"}],"replies":[{"embeddable":true,"href":"https:\/\/tisztajovoert.hu\/index.php\/wp-json\/wp\/v2\/comments?post=15"}],"version-history":[{"count":37,"href":"https:\/\/tisztajovoert.hu\/index.php\/wp-json\/wp\/v2\/pages\/15\/revisions"}],"predecessor-version":[{"id":812,"href":"https:\/\/tisztajovoert.hu\/index.php\/wp-json\/wp\/v2\/pages\/15\/revisions\/812"}],"wp:attachment":[{"href":"https:\/\/tisztajovoert.hu\/index.php\/wp-json\/wp\/v2\/media?parent=15"}],"curies":[{"name":"wp","href":"https:\/\/api.w.org\/{rel}","templated":true}]}}