{"id":17,"date":"2021-10-19T11:11:40","date_gmt":"2021-10-19T11:11:40","guid":{"rendered":"https:\/\/tisztajovoert.hu\/?page_id=17"},"modified":"2023-08-25T08:54:15","modified_gmt":"2023-08-25T08:54:15","slug":"kapcsolat","status":"publish","type":"page","link":"https:\/\/tisztajovoert.hu\/index.php\/kapcsolat\/","title":{"rendered":"KAPCSOLAT"},"content":{"rendered":"\t\t<div data-elementor-type=\"wp-page\" data-elementor-id=\"17\" class=\"elementor elementor-17\">\n\t\t\t\t\t\t\t\t\t<section class=\"elementor-section elementor-top-section elementor-element elementor-element-1cf9ca0 elementor-section-height-min-height elementor-section-boxed elementor-section-height-default elementor-section-items-middle\" data-id=\"1cf9ca0\" data-element_type=\"section\" data-settings=\"{&quot;background_background&quot;:&quot;classic&quot;}\">\n\t\t\t\t\t\t\t<div class=\"elementor-background-overlay\"><\/div>\n\t\t\t\t\t\t\t<div class=\"elementor-container elementor-column-gap-default\">\n\t\t\t\t\t<div class=\"elementor-column elementor-col-50 elementor-top-column elementor-element elementor-element-6e72ea9\" data-id=\"6e72ea9\" data-element_type=\"column\">\n\t\t\t<div class=\"elementor-widget-wrap elementor-element-populated\">\n\t\t\t\t\t\t\t\t<div class=\"elementor-element elementor-element-579bd8d elementor-invisible elementor-widget elementor-widget-heading\" data-id=\"579bd8d\" data-element_type=\"widget\" data-settings=\"{&quot;_animation&quot;:&quot;fadeInLeft&quot;}\" data-widget_type=\"heading.default\">\n\t\t\t\t<div class=\"elementor-widget-container\">\n\t\t\t<h2 class=\"elementor-heading-title elementor-size-default\">Fordulj hozz\u00e1nk bizalommal!<\/h2>\t\t<\/div>\n\t\t\t\t<\/div>\n\t\t\t\t<section class=\"elementor-section elementor-inner-section elementor-element elementor-element-ce65d9e elementor-section-boxed elementor-section-height-default elementor-section-height-default\" data-id=\"ce65d9e\" data-element_type=\"section\">\n\t\t\t\t\t\t<div class=\"elementor-container elementor-column-gap-default\">\n\t\t\t\t\t<div class=\"elementor-column elementor-col-50 elementor-inner-column elementor-element elementor-element-f124f09 elementor-invisible\" data-id=\"f124f09\" data-element_type=\"column\" data-settings=\"{&quot;background_background&quot;:&quot;classic&quot;,&quot;animation&quot;:&quot;fadeIn&quot;}\">\n\t\t\t<div class=\"elementor-widget-wrap elementor-element-populated\">\n\t\t\t\t\t\t\t\t<div class=\"elementor-element elementor-element-3015c3a elementor-widget__width-auto elementor-widget elementor-widget-heading\" data-id=\"3015c3a\" data-element_type=\"widget\" data-widget_type=\"heading.default\">\n\t\t\t\t<div class=\"elementor-widget-container\">\n\t\t\t<h2 class=\"elementor-heading-title elementor-size-default\">K\u00f6vess Minket!<\/h2>\t\t<\/div>\n\t\t\t\t<\/div>\n\t\t\t\t<div class=\"elementor-element elementor-element-963f80f elementor-widget elementor-widget-button\" data-id=\"963f80f\" data-element_type=\"widget\" data-widget_type=\"button.default\">\n\t\t\t\t<div class=\"elementor-widget-container\">\n\t\t\t\t\t<div class=\"elementor-button-wrapper\">\n\t\t\t<a class=\"elementor-button elementor-button-link elementor-size-sm\" href=\"http:\/\/facebook.com\/tisztajovoert\" target=\"_blank\">\n\t\t\t\t\t\t<span class=\"elementor-button-content-wrapper\">\n\t\t\t\t\t\t<span class=\"elementor-button-icon elementor-align-icon-left\">\n\t\t\t\t<i aria-hidden=\"true\" class=\"fab fa-facebook-square\"><\/i>\t\t\t<\/span>\n\t\t\t\t\t\t<span class=\"elementor-button-text\">Facebook<\/span>\n\t\t<\/span>\n\t\t\t\t\t<\/a>\n\t\t<\/div>\n\t\t\t\t<\/div>\n\t\t\t\t<\/div>\n\t\t\t\t<div class=\"elementor-element elementor-element-ab4e463 elementor-icon-list--layout-traditional elementor-list-item-link-full_width elementor-widget elementor-widget-icon-list\" data-id=\"ab4e463\" data-element_type=\"widget\" data-widget_type=\"icon-list.default\">\n\t\t\t\t<div class=\"elementor-widget-container\">\n\t\t\t\t\t<ul class=\"elementor-icon-list-items\">\n\t\t\t\t\t\t\t<li class=\"elementor-icon-list-item\">\n\t\t\t\t\t\t\t\t\t\t<span class=\"elementor-icon-list-text\">Banksz\u00e1mlasz\u00e1m<strong>: 10102086-42559600-00000007<\/strong><\/span>\n\t\t\t\t\t\t\t\t\t<\/li>\n\t\t\t\t\t\t\t\t<li class=\"elementor-icon-list-item\">\n\t\t\t\t\t\t\t\t\t\t<span class=\"elementor-icon-list-text\">Ad\u00f3sz\u00e1m: <strong>18096514-1-42<\/strong><\/span>\n\t\t\t\t\t\t\t\t\t<\/li>\n\t\t\t\t\t\t<\/ul>\n\t\t\t\t<\/div>\n\t\t\t\t<\/div>\n\t\t\t\t\t<\/div>\n\t\t<\/div>\n\t\t\t\t<div class=\"elementor-column elementor-col-50 elementor-inner-column elementor-element elementor-element-987b761 elementor-hidden-tablet elementor-hidden-mobile\" data-id=\"987b761\" data-element_type=\"column\">\n\t\t\t<div class=\"elementor-widget-wrap\">\n\t\t\t\t\t\t\t\t\t<\/div>\n\t\t<\/div>\n\t\t\t\t\t\t\t<\/div>\n\t\t<\/section>\n\t\t\t\t\t<\/div>\n\t\t<\/div>\n\t\t\t\t<div class=\"elementor-column elementor-col-50 elementor-top-column elementor-element elementor-element-139e1ae elementor-hidden-tablet elementor-hidden-mobile\" data-id=\"139e1ae\" data-element_type=\"column\">\n\t\t\t<div class=\"elementor-widget-wrap\">\n\t\t\t\t\t\t\t\t\t<\/div>\n\t\t<\/div>\n\t\t\t\t\t\t\t<\/div>\n\t\t<\/section>\n\t\t\t\t<section class=\"elementor-section elementor-top-section elementor-element elementor-element-7a83034 elementor-reverse-mobile elementor-section-boxed elementor-section-height-default elementor-section-height-default\" data-id=\"7a83034\" data-element_type=\"section\">\n\t\t\t\t\t\t<div class=\"elementor-container elementor-column-gap-default\">\n\t\t\t\t\t<div class=\"elementor-column elementor-col-50 elementor-top-column elementor-element elementor-element-ec371e8\" data-id=\"ec371e8\" data-element_type=\"column\">\n\t\t\t<div class=\"elementor-widget-wrap elementor-element-populated\">\n\t\t\t\t\t\t\t\t<section class=\"elementor-section elementor-inner-section elementor-element elementor-element-ec24f8f elementor-section-boxed elementor-section-height-default elementor-section-height-default\" data-id=\"ec24f8f\" data-element_type=\"section\">\n\t\t\t\t\t\t<div class=\"elementor-container elementor-column-gap-default\">\n\t\t\t\t\t<div class=\"elementor-column elementor-col-100 elementor-inner-column elementor-element elementor-element-12a2f0c elementor-invisible\" data-id=\"12a2f0c\" data-element_type=\"column\" data-settings=\"{&quot;background_background&quot;:&quot;classic&quot;,&quot;animation&quot;:&quot;fadeInUp&quot;}\">\n\t\t\t<div class=\"elementor-widget-wrap elementor-element-populated\">\n\t\t\t\t\t\t\t\t<div class=\"elementor-element elementor-element-aa5f293 elementor-widget elementor-widget-text-editor\" data-id=\"aa5f293\" data-element_type=\"widget\" data-widget_type=\"text-editor.default\">\n\t\t\t\t<div class=\"elementor-widget-container\">\n\t\t\t\t\t\t\t<p><strong>C\u00edm<\/strong><\/p>\t\t\t\t\t\t<\/div>\n\t\t\t\t<\/div>\n\t\t\t\t<div class=\"elementor-element elementor-element-67bbf99 elementor-widget elementor-widget-text-editor\" data-id=\"67bbf99\" data-element_type=\"widget\" data-widget_type=\"text-editor.default\">\n\t\t\t\t<div class=\"elementor-widget-container\">\n\t\t\t\t\t\t\t<p><strong>1143 Budapest, T\u00e1bornok u. 11\/B.<\/strong><\/p>\t\t\t\t\t\t<\/div>\n\t\t\t\t<\/div>\n\t\t\t\t\t<\/div>\n\t\t<\/div>\n\t\t\t\t\t\t\t<\/div>\n\t\t<\/section>\n\t\t\t\t<section class=\"elementor-section elementor-inner-section elementor-element elementor-element-037da6e elementor-section-boxed elementor-section-height-default elementor-section-height-default elementor-invisible\" data-id=\"037da6e\" data-element_type=\"section\" data-settings=\"{&quot;animation&quot;:&quot;fadeInLeft&quot;}\">\n\t\t\t\t\t\t<div class=\"elementor-container elementor-column-gap-default\">\n\t\t\t\t\t<div class=\"elementor-column elementor-col-100 elementor-inner-column elementor-element elementor-element-16f1ccc elementor-invisible\" data-id=\"16f1ccc\" data-element_type=\"column\" data-settings=\"{&quot;background_background&quot;:&quot;classic&quot;,&quot;animation&quot;:&quot;fadeInUp&quot;}\">\n\t\t\t<div class=\"elementor-widget-wrap elementor-element-populated\">\n\t\t\t\t\t\t\t\t<div class=\"elementor-element elementor-element-819ded0 elementor-widget elementor-widget-text-editor\" data-id=\"819ded0\" data-element_type=\"widget\" data-widget_type=\"text-editor.default\">\n\t\t\t\t<div class=\"elementor-widget-container\">\n\t\t\t\t\t\t\t<p><strong>Telefon<\/strong><\/p>\t\t\t\t\t\t<\/div>\n\t\t\t\t<\/div>\n\t\t\t\t<div class=\"elementor-element elementor-element-6c8a4fc elementor-widget elementor-widget-heading\" data-id=\"6c8a4fc\" data-element_type=\"widget\" data-widget_type=\"heading.default\">\n\t\t\t\t<div class=\"elementor-widget-container\">\n\t\t\t<h2 class=\"elementor-heading-title elementor-size-default\"><a href=\"tel:0614609671\">06-1-460-96-71<\/a><\/h2>\t\t<\/div>\n\t\t\t\t<\/div>\n\t\t\t\t<div class=\"elementor-element elementor-element-126e188 elementor-widget elementor-widget-heading\" data-id=\"126e188\" data-element_type=\"widget\" data-widget_type=\"heading.default\">\n\t\t\t\t<div class=\"elementor-widget-container\">\n\t\t\t<h2 class=\"elementor-heading-title elementor-size-default\"><a href=\"tel:06307011900\">06-30-701-1900<\/a><\/h2>\t\t<\/div>\n\t\t\t\t<\/div>\n\t\t\t\t\t<\/div>\n\t\t<\/div>\n\t\t\t\t\t\t\t<\/div>\n\t\t<\/section>\n\t\t\t\t<section class=\"elementor-section elementor-inner-section elementor-element elementor-element-b8776e0 elementor-section-boxed elementor-section-height-default elementor-section-height-default elementor-invisible\" data-id=\"b8776e0\" data-element_type=\"section\" data-settings=\"{&quot;animation&quot;:&quot;fadeInLeft&quot;}\">\n\t\t\t\t\t\t<div class=\"elementor-container elementor-column-gap-default\">\n\t\t\t\t\t<div class=\"elementor-column elementor-col-100 elementor-inner-column elementor-element elementor-element-47313c0 elementor-invisible\" data-id=\"47313c0\" data-element_type=\"column\" data-settings=\"{&quot;background_background&quot;:&quot;classic&quot;,&quot;animation&quot;:&quot;fadeInUp&quot;}\">\n\t\t\t<div class=\"elementor-widget-wrap elementor-element-populated\">\n\t\t\t\t\t\t\t\t<div class=\"elementor-element elementor-element-8828007 elementor-widget elementor-widget-text-editor\" data-id=\"8828007\" data-element_type=\"widget\" data-widget_type=\"text-editor.default\">\n\t\t\t\t<div class=\"elementor-widget-container\">\n\t\t\t\t\t\t\t<p><strong>E-mail<\/strong><\/p>\t\t\t\t\t\t<\/div>\n\t\t\t\t<\/div>\n\t\t\t\t<div class=\"elementor-element elementor-element-40fad6a elementor-widget elementor-widget-heading\" data-id=\"40fad6a\" data-element_type=\"widget\" data-widget_type=\"heading.default\">\n\t\t\t\t<div class=\"elementor-widget-container\">\n\t\t\t<h2 class=\"elementor-heading-title elementor-size-default\"><a href=\"mailto:tisztajovoert@gmail.com\">tisztajovoert@gmail.com<\/a><\/h2>\t\t<\/div>\n\t\t\t\t<\/div>\n\t\t\t\t\t<\/div>\n\t\t<\/div>\n\t\t\t\t\t\t\t<\/div>\n\t\t<\/section>\n\t\t\t\t<section class=\"elementor-section elementor-inner-section elementor-element elementor-element-aeaf5e4 elementor-section-boxed elementor-section-height-default elementor-section-height-default elementor-invisible\" data-id=\"aeaf5e4\" data-element_type=\"section\" data-settings=\"{&quot;animation&quot;:&quot;fadeInLeft&quot;}\">\n\t\t\t\t\t\t<div class=\"elementor-container elementor-column-gap-default\">\n\t\t\t\t\t<div class=\"elementor-column elementor-col-100 elementor-inner-column elementor-element elementor-element-cc59ab2 elementor-invisible\" data-id=\"cc59ab2\" data-element_type=\"column\" data-settings=\"{&quot;background_background&quot;:&quot;classic&quot;,&quot;animation&quot;:&quot;fadeInUp&quot;}\">\n\t\t\t<div class=\"elementor-widget-wrap elementor-element-populated\">\n\t\t\t\t\t\t\t\t<div class=\"elementor-element elementor-element-7c08cbc elementor-widget elementor-widget-text-editor\" data-id=\"7c08cbc\" data-element_type=\"widget\" data-widget_type=\"text-editor.default\">\n\t\t\t\t<div class=\"elementor-widget-container\">\n\t\t\t\t\t\t\t<p><strong>Facebook<\/strong><\/p>\t\t\t\t\t\t<\/div>\n\t\t\t\t<\/div>\n\t\t\t\t<div class=\"elementor-element elementor-element-15d19ee elementor-widget elementor-widget-heading\" data-id=\"15d19ee\" data-element_type=\"widget\" data-widget_type=\"heading.default\">\n\t\t\t\t<div class=\"elementor-widget-container\">\n\t\t\t<h2 class=\"elementor-heading-title elementor-size-default\"><a href=\"http:\/\/facebook.com\/tisztajovoert\" target=\"_blank\">facebook.com\/tisztajovoert<\/a><\/h2>\t\t<\/div>\n\t\t\t\t<\/div>\n\t\t\t\t\t<\/div>\n\t\t<\/div>\n\t\t\t\t\t\t\t<\/div>\n\t\t<\/section>\n\t\t\t\t\t<\/div>\n\t\t<\/div>\n\t\t\t\t<div class=\"elementor-column elementor-col-50 elementor-top-column elementor-element elementor-element-66c303d\" data-id=\"66c303d\" data-element_type=\"column\">\n\t\t\t<div class=\"elementor-widget-wrap elementor-element-populated\">\n\t\t\t\t\t\t\t\t<section class=\"elementor-section elementor-inner-section elementor-element elementor-element-58eef8f elementor-section-boxed elementor-section-height-default elementor-section-height-default\" data-id=\"58eef8f\" data-element_type=\"section\">\n\t\t\t\t\t\t<div class=\"elementor-container elementor-column-gap-default\">\n\t\t\t\t\t<div class=\"elementor-column elementor-col-50 elementor-inner-column elementor-element elementor-element-03fe550\" data-id=\"03fe550\" data-element_type=\"column\">\n\t\t\t<div class=\"elementor-widget-wrap elementor-element-populated\">\n\t\t\t\t\t\t\t\t<div class=\"elementor-element elementor-element-2e3e0fa elementor-widget-divider--view-line elementor-widget elementor-widget-divider\" data-id=\"2e3e0fa\" data-element_type=\"widget\" data-widget_type=\"divider.default\">\n\t\t\t\t<div class=\"elementor-widget-container\">\n\t\t\t\t\t<div class=\"elementor-divider\">\n\t\t\t<span class=\"elementor-divider-separator\">\n\t\t\t\t\t\t<\/span>\n\t\t<\/div>\n\t\t\t\t<\/div>\n\t\t\t\t<\/div>\n\t\t\t\t\t<\/div>\n\t\t<\/div>\n\t\t\t\t<div class=\"elementor-column elementor-col-50 elementor-inner-column elementor-element elementor-element-a861763\" data-id=\"a861763\" data-element_type=\"column\">\n\t\t\t<div class=\"elementor-widget-wrap elementor-element-populated\">\n\t\t\t\t\t\t\t\t<div class=\"elementor-element elementor-element-6533489 elementor-widget elementor-widget-text-editor\" data-id=\"6533489\" data-element_type=\"widget\" data-widget_type=\"text-editor.default\">\n\t\t\t\t<div class=\"elementor-widget-container\">\n\t\t\t\t\t\t\tKapcsolat\t\t\t\t\t\t<\/div>\n\t\t\t\t<\/div>\n\t\t\t\t\t<\/div>\n\t\t<\/div>\n\t\t\t\t\t\t\t<\/div>\n\t\t<\/section>\n\t\t\t\t<div class=\"elementor-element elementor-element-5f14a8b elementor-widget elementor-widget-text-editor\" data-id=\"5f14a8b\" data-element_type=\"widget\" data-widget_type=\"text-editor.default\">\n\t\t\t\t<div class=\"elementor-widget-container\">\n\t\t\t\t\t\t\t<p>Egy\u00e9ni \u00e9s hozz\u00e1tartoz\u00f3i konzult\u00e1ci\u00f3, egy\u00e9ni \u00e9s csoportos elterel\u00e9s, tematikus csoportok, kort\u00e1rsseg\u00edt\u0151 k\u00e9pz\u00e9s \u00e9s egy\u00e9b specifikus programok el\u0151re egyeztetett id\u0151pont alapj\u00e1n vehet\u0151k ig\u00e9nybe.<\/p>\t\t\t\t\t\t<\/div>\n\t\t\t\t<\/div>\n\t\t\t\t<div class=\"elementor-element elementor-element-f29ebc0 elementor-widget elementor-widget-text-editor\" data-id=\"f29ebc0\" data-element_type=\"widget\" data-widget_type=\"text-editor.default\">\n\t\t\t\t<div class=\"elementor-widget-container\">\n\t\t\t\t\t\t\t<p><strong>Nyitvatart\u00e1s:<\/strong><\/p><p><strong><br><\/strong><\/p><strong>\n<\/strong><p><strong><\/strong><\/p>\n<p><\/p>\t\t\t\t\t\t<\/div>\n\t\t\t\t<\/div>\n\t\t\t\t<section class=\"elementor-section elementor-inner-section elementor-element elementor-element-5d724a1 elementor-section-boxed elementor-section-height-default elementor-section-height-default\" data-id=\"5d724a1\" data-element_type=\"section\">\n\t\t\t\t\t\t<div class=\"elementor-container elementor-column-gap-default\">\n\t\t\t\t\t<div class=\"elementor-column elementor-col-50 elementor-inner-column elementor-element elementor-element-4c4e69c\" data-id=\"4c4e69c\" data-element_type=\"column\">\n\t\t\t<div class=\"elementor-widget-wrap elementor-element-populated\">\n\t\t\t\t\t\t\t\t<div class=\"elementor-element elementor-element-99a45c3 elementor-widget elementor-widget-text-editor\" data-id=\"99a45c3\" data-element_type=\"widget\" data-widget_type=\"text-editor.default\">\n\t\t\t\t<div class=\"elementor-widget-container\">\n\t\t\t\t\t\t\t<p>h\u00e9tf\u0151: 09:00 \u2013 17:00<br>kedd: 09:00 \u2013 17:00<br>szerda: 09:00 \u2013 17:00<br>cs\u00fct\u00f6rt\u00f6k: 09:00 \u2013 17:00<br><span style=\"font-family: Manrope, sans-serif; font-size: 16px; font-style: normal; font-variant-ligatures: normal; font-variant-caps: normal; font-weight: 500;\">p\u00e9ntek: 09:00 \u2013 13:00<br><\/span><span style=\"font-family: Manrope, sans-serif; font-size: 16px; font-style: normal; font-variant-ligatures: normal; font-variant-caps: normal; font-weight: 500;\">(csak telefonos \u00fcgyelet)<\/span><\/p>\n<p><\/p>\t\t\t\t\t\t<\/div>\n\t\t\t\t<\/div>\n\t\t\t\t\t<\/div>\n\t\t<\/div>\n\t\t\t\t<div class=\"elementor-column elementor-col-50 elementor-inner-column elementor-element elementor-element-48279e6\" data-id=\"48279e6\" data-element_type=\"column\">\n\t\t\t<div class=\"elementor-widget-wrap elementor-element-populated\">\n\t\t\t\t\t\t\t\t<div class=\"elementor-element elementor-element-db1705e elementor-widget elementor-widget-text-editor\" data-id=\"db1705e\" data-element_type=\"widget\" data-widget_type=\"text-editor.default\">\n\t\t\t\t<div class=\"elementor-widget-container\">\n\t\t\t\t\t\t\t\t\t\t\t\t\t<\/div>\n\t\t\t\t<\/div>\n\t\t\t\t\t<\/div>\n\t\t<\/div>\n\t\t\t\t\t\t\t<\/div>\n\t\t<\/section>\n\t\t\t\t<div class=\"elementor-element elementor-element-c14a672 elementor-widget elementor-widget-google_maps\" data-id=\"c14a672\" data-element_type=\"widget\" data-widget_type=\"google_maps.default\">\n\t\t\t\t<div class=\"elementor-widget-container\">\n\t\t\t\t\t<div class=\"elementor-custom-embed\">\n\t\t\t<iframe loading=\"lazy\"\n\t\t\t\t\tsrc=\"https:\/\/maps.google.com\/maps?q=1143%20Budapest%2C%20T%C3%A1bornok%20u.%2011%2FB.&#038;t=m&#038;z=12&#038;output=embed&#038;iwloc=near\"\n\t\t\t\t\ttitle=\"1143 Budapest, T\u00e1bornok u. 11\/B.\"\n\t\t\t\t\taria-label=\"1143 Budapest, T\u00e1bornok u. 11\/B.\"\n\t\t\t><\/iframe>\n\t\t<\/div>\n\t\t\t\t<\/div>\n\t\t\t\t<\/div>\n\t\t\t\t\t<\/div>\n\t\t<\/div>\n\t\t\t\t\t\t\t<\/div>\n\t\t<\/section>\n\t\t\t\t<section class=\"elementor-section elementor-top-section elementor-element elementor-element-69ef364 elementor-section-boxed elementor-section-height-default elementor-section-height-default\" data-id=\"69ef364\" data-element_type=\"section\">\n\t\t\t\t\t\t<div class=\"elementor-container elementor-column-gap-default\">\n\t\t\t\t\t<div class=\"elementor-column elementor-col-100 elementor-top-column elementor-element elementor-element-7c80676\" data-id=\"7c80676\" data-element_type=\"column\">\n\t\t\t<div class=\"elementor-widget-wrap elementor-element-populated\">\n\t\t\t\t\t\t\t\t<div class=\"elementor-element elementor-element-efa862f elementor-widget elementor-widget-html\" data-id=\"efa862f\" data-element_type=\"widget\" data-widget_type=\"html.default\">\n\t\t\t\t<div class=\"elementor-widget-container\">\n\t\t\t\n            <div \n                class=\"elfsight-widget-facebook-feed elfsight-widget\" \n                data-elfsight-facebook-feed-options=\"%7B%22tokenType%22%3A%22page%22%2C%22userAccessToken%22%3A%22%22%2C%22userAccessTokenPagesScope%22%3A%22EAADQZAoJZBZBH0BOZCIzGw92LtSY8fdpAWVhjpqZCd6jo2xLCPkFwyWWMPwYfbKkdeEZCNpVcoZCfoHSUAagxZAV7nlVzQ9jVS3o4ZAIO8BANY1M94GL14PLK8IDCmN51ilxmZC42SpRjCiANgiVk3WsQRdU3EPGLmRaEgbPxtDWoUHNgK2dQc9Xdcl74yunPFZAr69OVc9sXV8zg1C3Xys2oHFm9vVZApmdFSzToEkONu6JwNk1SNpuXwSZB%22%2C%22source%22%3A%22https%3A%5C%2F%5C%2Fwww.facebook.com%5C%2Felfsight%22%2C%22page%22%3Anull%2C%22pageAccessToken%22%3A%22EAADQZAoJZBZBH0BAGBE4u14O8xtiUALKeF6c8vDU86wgjg0PkLF2vj9u9jN22HeoKaQyCOGfQ1UraZAvM2uKQU868G7Onwz6GObu8EgYAmTnGwPMmhlyHTMLHJpFvwufyLaEmmnxLkkq7Ci7y93X6udyF1mDZA6ZBmpUla7s5ReqFXzzFdwDZBJ%22%2C%22width%22%3A%221300%22%2C%22height%22%3A%22720%22%2C%22contentDivider%22%3Anull%2C%22headerVisible%22%3Atrue%2C%22headerParts%22%3A%5B%22cover%22%2C%22actions%22%2C%22picture%22%2C%22likesCount%22%5D%2C%22headerActions%22%3A%5B%7B%22type%22%3A%22like%22%7D%2C%7B%22type%22%3A%22share%22%7D%5D%2C%22menuVisible%22%3Atrue%2C%22contentPostsVisible%22%3Atrue%2C%22contentPostsParts%22%3A%5B%22author%22%2C%22likesCount%22%2C%22commentsCount%22%2C%22sharesCount%22%2C%22shareButton%22%5D%2C%22contentPostsLimit%22%3A0%2C%22contentPhotosVisible%22%3Atrue%2C%22contentAlbumsVisible%22%3Atrue%2C%22contentVideosVisible%22%3Afalse%2C%22contentVideosParts%22%3A%5B%22description%22%2C%22likesCount%22%2C%22commentsCount%22%5D%2C%22contentEventsVisible%22%3Afalse%2C%22contentPopupParts%22%3A%5B%22author%22%2C%22likesCount%22%2C%22shareButton%22%2C%22comments%22%5D%2C%22lang%22%3A%22hu%22%2C%22cacheTime%22%3A%223600%22%2C%22apiUrl%22%3A%22https%3A%5C%2F%5C%2Ftisztajovoert.hu%5C%2Findex.php%5C%2Fwp-json%5C%2Felfsight-facebook-feed%5C%2Fapi%22%2C%22widgetId%22%3A%221%22%7D\" \n                data-elfsight-facebook-feed-version=\"1.15.0\"\n                data-elfsight-widget-id=\"elfsight-facebook-feed-1\">\n            <\/div>\n            \t\t<\/div>\n\t\t\t\t<\/div>\n\t\t\t\t\t<\/div>\n\t\t<\/div>\n\t\t\t\t\t\t\t<\/div>\n\t\t<\/section>\n\t\t\t\t\t\t\t<\/div>\n\t\t","protected":false},"excerpt":{"rendered":"<p>Fordulj hozz\u00e1nk bizalommal! K\u00f6vess Minket! Facebook Banksz\u00e1mlasz\u00e1m: 10102086-42559600-00000007 Ad\u00f3sz\u00e1m: 18096514-1-42 C\u00edm 1143 Budapest, T\u00e1bornok u. 11\/B. Telefon 06-1-460-96-71 06-30-701-1900 E-mail tisztajovoert@gmail.com Facebook facebook.com\/tisztajovoert Kapcsolat Egy\u00e9ni \u00e9s hozz\u00e1tartoz\u00f3i konzult\u00e1ci\u00f3, egy\u00e9ni \u00e9s csoportos elterel\u00e9s, tematikus csoportok, kort\u00e1rsseg\u00edt\u0151 k\u00e9pz\u00e9s \u00e9s egy\u00e9b specifikus programok el\u0151re egyeztetett id\u0151pont alapj\u00e1n vehet\u0151k ig\u00e9nybe. Nyitvatart\u00e1s: h\u00e9tf\u0151: 09:00 \u2013 17:00kedd: 09:00 \u2013 17:00szerda: 09:00 [&hellip;]<\/p>\n","protected":false},"author":1,"featured_media":0,"parent":0,"menu_order":0,"comment_status":"closed","ping_status":"closed","template":"elementor_header_footer","meta":{"_mbp_gutenberg_autopost":false,"footnotes":""},"class_list":["post-17","page","type-page","status-publish","hentry","entry"],"_links":{"self":[{"href":"https:\/\/tisztajovoert.hu\/index.php\/wp-json\/wp\/v2\/pages\/17","targetHints":{"allow":["GET"]}}],"collection":[{"href":"https:\/\/tisztajovoert.hu\/index.php\/wp-json\/wp\/v2\/pages"}],"about":[{"href":"https:\/\/tisztajovoert.hu\/index.php\/wp-json\/wp\/v2\/types\/page"}],"author":[{"embeddable":true,"href":"https:\/\/tisztajovoert.hu\/index.php\/wp-json\/wp\/v2\/users\/1"}],"replies":[{"embeddable":true,"href":"https:\/\/tisztajovoert.hu\/index.php\/wp-json\/wp\/v2\/comments?post=17"}],"version-history":[{"count":100,"href":"https:\/\/tisztajovoert.hu\/index.php\/wp-json\/wp\/v2\/pages\/17\/revisions"}],"predecessor-version":[{"id":1006,"href":"https:\/\/tisztajovoert.hu\/index.php\/wp-json\/wp\/v2\/pages\/17\/revisions\/1006"}],"wp:attachment":[{"href":"https:\/\/tisztajovoert.hu\/index.php\/wp-json\/wp\/v2\/media?parent=17"}],"curies":[{"name":"wp","href":"https:\/\/api.w.org\/{rel}","templated":true}]}}