{"id":190,"date":"2021-10-20T07:11:02","date_gmt":"2021-10-20T07:11:02","guid":{"rendered":"https:\/\/tisztajovoert.hu\/?page_id=190"},"modified":"2025-12-22T12:34:17","modified_gmt":"2025-12-22T12:34:17","slug":"eltereles","status":"publish","type":"page","link":"https:\/\/tisztajovoert.hu\/index.php\/eltereles\/","title":{"rendered":"Elkaptak? Jelentkezz!"},"content":{"rendered":"\t\t<div data-elementor-type=\"wp-page\" data-elementor-id=\"190\" class=\"elementor elementor-190\">\n\t\t\t\t\t\t\t\t\t<section class=\"elementor-section elementor-top-section elementor-element elementor-element-04fab61 elementor-section-height-min-height elementor-section-boxed elementor-section-height-default elementor-section-items-middle\" data-id=\"04fab61\" data-element_type=\"section\" data-settings=\"{&quot;background_background&quot;:&quot;classic&quot;}\">\n\t\t\t\t\t\t\t<div class=\"elementor-background-overlay\"><\/div>\n\t\t\t\t\t\t\t<div class=\"elementor-container elementor-column-gap-default\">\n\t\t\t\t\t<div class=\"elementor-column elementor-col-50 elementor-top-column elementor-element elementor-element-a4b23ce elementor-hidden-tablet elementor-hidden-mobile\" data-id=\"a4b23ce\" data-element_type=\"column\">\n\t\t\t<div class=\"elementor-widget-wrap\">\n\t\t\t\t\t\t\t\t\t<\/div>\n\t\t<\/div>\n\t\t\t\t<div class=\"elementor-column elementor-col-50 elementor-top-column elementor-element elementor-element-a67a76e\" data-id=\"a67a76e\" data-element_type=\"column\">\n\t\t\t<div class=\"elementor-widget-wrap elementor-element-populated\">\n\t\t\t\t\t\t\t\t<div class=\"elementor-element elementor-element-aa5ca64 elementor-invisible elementor-widget elementor-widget-heading\" data-id=\"aa5ca64\" data-element_type=\"widget\" data-settings=\"{&quot;_animation&quot;:&quot;fadeInLeft&quot;}\" data-widget_type=\"heading.default\">\n\t\t\t\t<div class=\"elementor-widget-container\">\n\t\t\t<h2 class=\"elementor-heading-title elementor-size-default\">Elkaptak? Jelentkezz!<\/h2>\t\t<\/div>\n\t\t\t\t<\/div>\n\t\t\t\t<section class=\"elementor-section elementor-inner-section elementor-element elementor-element-c34e978 elementor-section-boxed elementor-section-height-default elementor-section-height-default\" data-id=\"c34e978\" data-element_type=\"section\">\n\t\t\t\t\t\t<div class=\"elementor-container elementor-column-gap-default\">\n\t\t\t\t\t<div class=\"elementor-column elementor-col-50 elementor-inner-column elementor-element elementor-element-4d34840 elementor-hidden-tablet elementor-hidden-mobile\" data-id=\"4d34840\" data-element_type=\"column\">\n\t\t\t<div class=\"elementor-widget-wrap\">\n\t\t\t\t\t\t\t\t\t<\/div>\n\t\t<\/div>\n\t\t\t\t<div class=\"elementor-column elementor-col-50 elementor-inner-column elementor-element elementor-element-07ca641 elementor-invisible\" data-id=\"07ca641\" data-element_type=\"column\" data-settings=\"{&quot;background_background&quot;:&quot;classic&quot;,&quot;animation&quot;:&quot;fadeIn&quot;}\">\n\t\t\t<div class=\"elementor-widget-wrap elementor-element-populated\">\n\t\t\t\t\t\t\t\t<div class=\"elementor-element elementor-element-83a14ae elementor-widget__width-auto elementor-widget elementor-widget-heading\" data-id=\"83a14ae\" data-element_type=\"widget\" data-widget_type=\"heading.default\">\n\t\t\t\t<div class=\"elementor-widget-container\">\n\t\t\t<h2 class=\"elementor-heading-title elementor-size-default\">K\u00f6vess Minket!<\/h2>\t\t<\/div>\n\t\t\t\t<\/div>\n\t\t\t\t<div class=\"elementor-element elementor-element-73cd4f0 elementor-widget elementor-widget-button\" data-id=\"73cd4f0\" data-element_type=\"widget\" data-widget_type=\"button.default\">\n\t\t\t\t<div class=\"elementor-widget-container\">\n\t\t\t\t\t<div class=\"elementor-button-wrapper\">\n\t\t\t<a class=\"elementor-button elementor-button-link elementor-size-sm\" href=\"http:\/\/facebook.com\/tisztajovoert\" target=\"_blank\">\n\t\t\t\t\t\t<span class=\"elementor-button-content-wrapper\">\n\t\t\t\t\t\t<span class=\"elementor-button-icon elementor-align-icon-left\">\n\t\t\t\t<i aria-hidden=\"true\" class=\"fab fa-facebook-square\"><\/i>\t\t\t<\/span>\n\t\t\t\t\t\t<span class=\"elementor-button-text\">Facebook<\/span>\n\t\t<\/span>\n\t\t\t\t\t<\/a>\n\t\t<\/div>\n\t\t\t\t<\/div>\n\t\t\t\t<\/div>\n\t\t\t\t<div class=\"elementor-element elementor-element-7586c80 elementor-icon-list--layout-traditional elementor-list-item-link-full_width elementor-widget elementor-widget-icon-list\" data-id=\"7586c80\" data-element_type=\"widget\" data-widget_type=\"icon-list.default\">\n\t\t\t\t<div class=\"elementor-widget-container\">\n\t\t\t\t\t<ul class=\"elementor-icon-list-items\">\n\t\t\t\t\t\t\t<li class=\"elementor-icon-list-item\">\n\t\t\t\t\t\t\t\t\t\t<span class=\"elementor-icon-list-text\">Banksz\u00e1mlasz\u00e1m<strong>: 10102086-42559600-00000007<\/strong><\/span>\n\t\t\t\t\t\t\t\t\t<\/li>\n\t\t\t\t\t\t\t\t<li class=\"elementor-icon-list-item\">\n\t\t\t\t\t\t\t\t\t\t<span class=\"elementor-icon-list-text\">Ad\u00f3sz\u00e1m: <strong>18096514-1-42<\/strong><\/span>\n\t\t\t\t\t\t\t\t\t<\/li>\n\t\t\t\t\t\t<\/ul>\n\t\t\t\t<\/div>\n\t\t\t\t<\/div>\n\t\t\t\t\t<\/div>\n\t\t<\/div>\n\t\t\t\t\t\t\t<\/div>\n\t\t<\/section>\n\t\t\t\t\t<\/div>\n\t\t<\/div>\n\t\t\t\t\t\t\t<\/div>\n\t\t<\/section>\n\t\t\t\t<section class=\"elementor-section elementor-top-section elementor-element elementor-element-e0ea25e elementor-section-boxed elementor-section-height-default elementor-section-height-default\" data-id=\"e0ea25e\" data-element_type=\"section\">\n\t\t\t\t\t\t<div class=\"elementor-container elementor-column-gap-default\">\n\t\t\t\t\t<div class=\"elementor-column elementor-col-50 elementor-top-column elementor-element elementor-element-8894b7b\" data-id=\"8894b7b\" data-element_type=\"column\">\n\t\t\t<div class=\"elementor-widget-wrap elementor-element-populated\">\n\t\t\t\t\t\t\t\t<section class=\"elementor-section elementor-inner-section elementor-element elementor-element-b7c2fc4 elementor-section-boxed elementor-section-height-default elementor-section-height-default\" data-id=\"b7c2fc4\" data-element_type=\"section\">\n\t\t\t\t\t\t<div class=\"elementor-container elementor-column-gap-default\">\n\t\t\t\t\t<div class=\"elementor-column elementor-col-50 elementor-inner-column elementor-element elementor-element-c9660fe\" data-id=\"c9660fe\" data-element_type=\"column\">\n\t\t\t<div class=\"elementor-widget-wrap elementor-element-populated\">\n\t\t\t\t\t\t\t\t<div class=\"elementor-element elementor-element-ee40bbf elementor-widget-divider--view-line elementor-widget elementor-widget-divider\" data-id=\"ee40bbf\" data-element_type=\"widget\" data-widget_type=\"divider.default\">\n\t\t\t\t<div class=\"elementor-widget-container\">\n\t\t\t\t\t<div class=\"elementor-divider\">\n\t\t\t<span class=\"elementor-divider-separator\">\n\t\t\t\t\t\t<\/span>\n\t\t<\/div>\n\t\t\t\t<\/div>\n\t\t\t\t<\/div>\n\t\t\t\t\t<\/div>\n\t\t<\/div>\n\t\t\t\t<div class=\"elementor-column elementor-col-50 elementor-inner-column elementor-element elementor-element-9994a41\" data-id=\"9994a41\" data-element_type=\"column\">\n\t\t\t<div class=\"elementor-widget-wrap elementor-element-populated\">\n\t\t\t\t\t\t\t\t<div class=\"elementor-element elementor-element-a29e78b elementor-widget elementor-widget-text-editor\" data-id=\"a29e78b\" data-element_type=\"widget\" data-widget_type=\"text-editor.default\">\n\t\t\t\t<div class=\"elementor-widget-container\">\n\t\t\t\t\t\t\t<p>Elkaptak? Jelentkezz!<\/p>\t\t\t\t\t\t<\/div>\n\t\t\t\t<\/div>\n\t\t\t\t\t<\/div>\n\t\t<\/div>\n\t\t\t\t\t\t\t<\/div>\n\t\t<\/section>\n\t\t\t\t<div class=\"elementor-element elementor-element-bd92384 elementor-invisible elementor-widget elementor-widget-heading\" data-id=\"bd92384\" data-element_type=\"widget\" data-settings=\"{&quot;_animation&quot;:&quot;fadeInLeft&quot;}\" data-widget_type=\"heading.default\">\n\t\t\t\t<div class=\"elementor-widget-container\">\n\t\t\t<h2 class=\"elementor-heading-title elementor-size-default\">Alap\u00edtv\u00e1nyunkban 2016 \u0151sz\u00e9t\u0151l el\u00e9rhet\u0151 szolg\u00e1ltat\u00e1s a megel\u0151z\u0151-felvil\u00e1gos\u00edt\u00f3 elterel\u00e9s<\/h2>\t\t<\/div>\n\t\t\t\t<\/div>\n\t\t\t\t<div class=\"elementor-element elementor-element-ba541c4 elementor-widget elementor-widget-text-editor\" data-id=\"ba541c4\" data-element_type=\"widget\" data-widget_type=\"text-editor.default\">\n\t\t\t\t<div class=\"elementor-widget-container\">\n\t\t\t\t\t\t\t<p>Alap\u00edtv\u00e1nyunkban 2016 \u0151sz\u00e9t\u0151l el\u00e9rhet\u0151 szolg\u00e1ltat\u00e1s a megel\u0151z\u0151-felvil\u00e1gos\u00edt\u00f3 elterel\u00e9s, egy\u00e9ni vagy csoportos form\u00e1ban, melyre szem\u00e9lyesen vagy megadott el\u00e9rhet\u0151s\u00e9geinken lehet id\u0151pontot egyeztetni.<\/p>\n<p>Ha valakit kisebb s\u00faly\u00fa, kiz\u00e1r\u00f3lag csek\u00e9ly mennyis\u00e9g\u0171 k\u00e1b\u00edt\u00f3szert \u00e9rint\u0151, fogyaszt\u00f3i t\u00edpus\u00fa b\u0171ncselekm\u00e9ny elk\u00f6vet\u00e9s\u00e9n \u00e9rnek, \u00e9s r\u00e9szt vesz egy legal\u00e1bb hat h\u00f3napos, folyamatos \u201ekezel\u00e9sen\u201d, akkor nem fogj\u00e1k megb\u00fcntetni, ezt nevezik elterel\u00e9snek. Az elterel\u00e9s teh\u00e1t a b\u00fcntet\u0151elj\u00e1r\u00e1s alternat\u00edv\u00e1ja, melyet az elj\u00e1r\u00f3 hat\u00f3s\u00e1g (rend\u0151rs\u00e9g, b\u00edr\u00f3s\u00e1g, \u00fcgy\u00e9szs\u00e9g) aj\u00e1nl fel az elk\u00f6vet\u0151 r\u00e9sz\u00e9re. Alap\u00edtv\u00e1nyunkn\u00e1l lehet\u0151s\u00e9g van megel\u0151z\u0151-felvil\u00e1gos\u00edt\u00f3 szolg\u00e1ltat\u00e1s keret\u00e9ben az elterel\u00e9s elv\u00e9gz\u00e9s\u00e9re, amennyiben alkalmi droghaszn\u00e1lat (nem pedig f\u00fcgg\u0151s\u00e9g) ok\u00e1n val\u00f3sult meg a droghaszn\u00e1lati b\u0171ncselekm\u00e9ny. Az elterel\u00e9s egy 6 h\u00f3napos, egy\u00e9ni konzult\u00e1ci\u00f3kb\u00f3l vagy csoportalkalmakb\u00f3l \u00e1ll\u00f3 foglalkoz\u00e1s, melyet szakk\u00e9pzett koll\u00e9g\u00e1k v\u00e9geznek. Az el\u0151zetes id\u0151pont egyeztet\u00e9st k\u00f6vet\u0151en szerz\u0151d\u00e9sk\u00f6t\u00e9ssel kezd\u0151dik a k\u00f6z\u00f6s munka, ami folyamatos \u00e9s rendszeres megjelen\u00e9st ig\u00e9nyel, \u00edgy f\u00e9l \u00e9v ut\u00e1n befejezhet\u0151 az elterel\u00e9s. Az elterel\u00e9s v\u00e9g\u00e9n ki\u00e1ll\u00edtott igazol\u00e1st az elj\u00e1r\u00f3 hat\u00f3s\u00e1gn\u00e1l kell bemutatni, \u00edgy hivatalosan is lez\u00e1r\u00e1sra ker\u00fcl a b\u00fcntet\u0151elj\u00e1r\u00e1s.<\/p>\t\t\t\t\t\t<\/div>\n\t\t\t\t<\/div>\n\t\t\t\t\t<\/div>\n\t\t<\/div>\n\t\t\t\t<div class=\"elementor-column elementor-col-50 elementor-top-column elementor-element elementor-element-423c483\" data-id=\"423c483\" data-element_type=\"column\">\n\t\t\t<div class=\"elementor-widget-wrap elementor-element-populated\">\n\t\t\t\t\t\t\t\t<div class=\"elementor-element elementor-element-eb9da02 elementor-invisible elementor-widget elementor-widget-image\" data-id=\"eb9da02\" data-element_type=\"widget\" data-settings=\"{&quot;_animation&quot;:&quot;fadeInRight&quot;}\" data-widget_type=\"image.default\">\n\t\t\t\t<div class=\"elementor-widget-container\">\n\t\t\t\t\t\t\t\t\t\t\t\t\t\t\t<img fetchpriority=\"high\" decoding=\"async\" width=\"578\" height=\"1024\" src=\"https:\/\/tisztajovoert.hu\/wp-content\/uploads\/2021\/11\/vladyslav-tobolenko-_1PO6kg81RU-unsplash-578x1024.jpg\" class=\"attachment-large size-large wp-image-488\" alt=\"\" srcset=\"https:\/\/tisztajovoert.hu\/wp-content\/uploads\/2021\/11\/vladyslav-tobolenko-_1PO6kg81RU-unsplash-578x1024.jpg 578w, https:\/\/tisztajovoert.hu\/wp-content\/uploads\/2021\/11\/vladyslav-tobolenko-_1PO6kg81RU-unsplash-169x300.jpg 169w, https:\/\/tisztajovoert.hu\/wp-content\/uploads\/2021\/11\/vladyslav-tobolenko-_1PO6kg81RU-unsplash-768x1361.jpg 768w, https:\/\/tisztajovoert.hu\/wp-content\/uploads\/2021\/11\/vladyslav-tobolenko-_1PO6kg81RU-unsplash-867x1536.jpg 867w, https:\/\/tisztajovoert.hu\/wp-content\/uploads\/2021\/11\/vladyslav-tobolenko-_1PO6kg81RU-unsplash-1156x2048.jpg 1156w, https:\/\/tisztajovoert.hu\/wp-content\/uploads\/2021\/11\/vladyslav-tobolenko-_1PO6kg81RU-unsplash-508x900.jpg 508w, https:\/\/tisztajovoert.hu\/wp-content\/uploads\/2021\/11\/vladyslav-tobolenko-_1PO6kg81RU-unsplash-scaled.jpg 1445w\" sizes=\"(max-width: 578px) 100vw, 578px\" \/>\t\t\t\t\t\t\t\t\t\t\t\t\t\t\t<\/div>\n\t\t\t\t<\/div>\n\t\t\t\t<section class=\"elementor-section elementor-inner-section elementor-element elementor-element-c792c3f elementor-section-boxed elementor-section-height-default elementor-section-height-default\" data-id=\"c792c3f\" data-element_type=\"section\">\n\t\t\t\t\t\t<div class=\"elementor-container elementor-column-gap-default\">\n\t\t\t\t\t<div class=\"elementor-column elementor-col-100 elementor-inner-column elementor-element elementor-element-e156a87 elementor-invisible\" data-id=\"e156a87\" data-element_type=\"column\" data-settings=\"{&quot;background_background&quot;:&quot;classic&quot;,&quot;animation&quot;:&quot;fadeInUp&quot;}\">\n\t\t\t<div class=\"elementor-widget-wrap elementor-element-populated\">\n\t\t\t\t\t\t\t\t<div class=\"elementor-element elementor-element-1d6ba96 elementor-widget elementor-widget-text-editor\" data-id=\"1d6ba96\" data-element_type=\"widget\" data-widget_type=\"text-editor.default\">\n\t\t\t\t<div class=\"elementor-widget-container\">\n\t\t\t\t\t\t\t<p>Id\u0151pontk\u00e9r\u00e9s \u00e9s tov\u00e1bbi r\u00e9szletek miatt keress\u00e9tek bizalommal munkat\u00e1rsainkat szem\u00e9lyesen az Alap\u00edtv\u00e1ny T\u00e1bornok utcai sz\u00e9khely\u00e9n vagy el\u00e9rhet\u0151s\u00e9geink b\u00e1rmelyik\u00e9n.<\/p>\t\t\t\t\t\t<\/div>\n\t\t\t\t<\/div>\n\t\t\t\t\t<\/div>\n\t\t<\/div>\n\t\t\t\t\t\t\t<\/div>\n\t\t<\/section>\n\t\t\t\t\t<\/div>\n\t\t<\/div>\n\t\t\t\t\t\t\t<\/div>\n\t\t<\/section>\n\t\t\t\t\t\t\t<\/div>\n\t\t","protected":false},"excerpt":{"rendered":"<p>Elkaptak? Jelentkezz! K\u00f6vess Minket! Facebook Banksz\u00e1mlasz\u00e1m: 10102086-42559600-00000007 Ad\u00f3sz\u00e1m: 18096514-1-42 Elkaptak? Jelentkezz! Alap\u00edtv\u00e1nyunkban 2016 \u0151sz\u00e9t\u0151l el\u00e9rhet\u0151 szolg\u00e1ltat\u00e1s a megel\u0151z\u0151-felvil\u00e1gos\u00edt\u00f3 elterel\u00e9s Alap\u00edtv\u00e1nyunkban 2016 \u0151sz\u00e9t\u0151l el\u00e9rhet\u0151 szolg\u00e1ltat\u00e1s a megel\u0151z\u0151-felvil\u00e1gos\u00edt\u00f3 elterel\u00e9s, egy\u00e9ni vagy csoportos form\u00e1ban, melyre szem\u00e9lyesen vagy megadott el\u00e9rhet\u0151s\u00e9geinken lehet id\u0151pontot egyeztetni. Ha valakit kisebb s\u00faly\u00fa, kiz\u00e1r\u00f3lag csek\u00e9ly mennyis\u00e9g\u0171 k\u00e1b\u00edt\u00f3szert \u00e9rint\u0151, fogyaszt\u00f3i t\u00edpus\u00fa b\u0171ncselekm\u00e9ny elk\u00f6vet\u00e9s\u00e9n \u00e9rnek, \u00e9s r\u00e9szt [&hellip;]<\/p>\n","protected":false},"author":1,"featured_media":0,"parent":0,"menu_order":0,"comment_status":"closed","ping_status":"closed","template":"elementor_header_footer","meta":{"_mbp_gutenberg_autopost":false,"footnotes":""},"class_list":["post-190","page","type-page","status-publish","hentry","entry"],"_links":{"self":[{"href":"https:\/\/tisztajovoert.hu\/index.php\/wp-json\/wp\/v2\/pages\/190","targetHints":{"allow":["GET"]}}],"collection":[{"href":"https:\/\/tisztajovoert.hu\/index.php\/wp-json\/wp\/v2\/pages"}],"about":[{"href":"https:\/\/tisztajovoert.hu\/index.php\/wp-json\/wp\/v2\/types\/page"}],"author":[{"embeddable":true,"href":"https:\/\/tisztajovoert.hu\/index.php\/wp-json\/wp\/v2\/users\/1"}],"replies":[{"embeddable":true,"href":"https:\/\/tisztajovoert.hu\/index.php\/wp-json\/wp\/v2\/comments?post=190"}],"version-history":[{"count":36,"href":"https:\/\/tisztajovoert.hu\/index.php\/wp-json\/wp\/v2\/pages\/190\/revisions"}],"predecessor-version":[{"id":1069,"href":"https:\/\/tisztajovoert.hu\/index.php\/wp-json\/wp\/v2\/pages\/190\/revisions\/1069"}],"wp:attachment":[{"href":"https:\/\/tisztajovoert.hu\/index.php\/wp-json\/wp\/v2\/media?parent=190"}],"curies":[{"name":"wp","href":"https:\/\/api.w.org\/{rel}","templated":true}]}}